{"id":18913,"date":"2024-06-10T15:13:14","date_gmt":"2024-06-10T13:13:14","guid":{"rendered":"https:\/\/www.sisudesign.be\/produit\/ettorino-f\/"},"modified":"2024-06-10T15:13:14","modified_gmt":"2024-06-10T13:13:14","slug":"ettorino-f","status":"publish","type":"product","link":"https:\/\/www.sisudesign.be\/en\/product\/ettorino-f","title":{"rendered":"Ettorino F"},"content":{"rendered":"<p>Spectaculaire et pleine de caract\u00e8re, Ettorino F attire tous les regards. Dot\u00e9e d&#8217;un bras rotatif et inclinable, la lampe pivote de 350 degr\u00e9s autour de son propre axe. La t\u00eate de lampe de peut \u00e9galement \u00eatre tourn\u00e9e et inclin\u00e9e. En fonction de l&#8217;orientation choisie, elle atteint une hauteur comprise entre 103 cm et 165 cm. Un bouton-poussoir situ\u00e9 sur la tige de la lampe permet d&#8217;allumer la lampe et d&#8217;en r\u00e9gler l&#8217;intensit\u00e9.<\/p>\n<p>Outre les finitions classiques noir et blanc, Ettorino F est propos\u00e9e dans une sublime version \u00ab colourful \u00bb, combinaison de couleurs primaires, m\u00ealant le bleu, le jaune et le rouge.<br \/>\nMade in Italy.<\/p>\n","protected":false},"excerpt":{"rendered":"<p>Spectaculaire et pleine de caract\u00e8re, Ettorino F attire tous les regards. Dot\u00e9e d&#8217;un bras rotatif et inclinable, la lampe pivote de 350 degr\u00e9s autour de son propre axe. La t\u00eate de lampe de peut \u00e9galement \u00eatre tourn\u00e9e et inclin\u00e9e. En fonction de l&#8217;orientation choisie, elle atteint une hauteur comprise entre 103 cm et 165 cm. [&hellip;]<\/p>\n","protected":false},"featured_media":48155,"comment_status":"open","ping_status":"closed","template":"","meta":{"_acf_changed":false},"product_brand":[],"product_cat":[111],"product_tag":[112],"class_list":{"0":"post-18913","1":"product","2":"type-product","3":"status-publish","4":"has-post-thumbnail","6":"product_cat-table-lamp","7":"product_tag-catellani-smith-en","9":"first","10":"instock","11":"shipping-taxable","12":"purchasable","13":"product-type-variable"},"acf":[],"_links":{"self":[{"href":"https:\/\/www.sisudesign.be\/en\/wp-json\/wp\/v2\/product\/18913","targetHints":{"allow":["GET"]}}],"collection":[{"href":"https:\/\/www.sisudesign.be\/en\/wp-json\/wp\/v2\/product"}],"about":[{"href":"https:\/\/www.sisudesign.be\/en\/wp-json\/wp\/v2\/types\/product"}],"replies":[{"embeddable":true,"href":"https:\/\/www.sisudesign.be\/en\/wp-json\/wp\/v2\/comments?post=18913"}],"wp:featuredmedia":[{"embeddable":true,"href":"https:\/\/www.sisudesign.be\/en\/wp-json\/wp\/v2\/media\/48155"}],"wp:attachment":[{"href":"https:\/\/www.sisudesign.be\/en\/wp-json\/wp\/v2\/media?parent=18913"}],"wp:term":[{"taxonomy":"product_brand","embeddable":true,"href":"https:\/\/www.sisudesign.be\/en\/wp-json\/wp\/v2\/product_brand?post=18913"},{"taxonomy":"product_cat","embeddable":true,"href":"https:\/\/www.sisudesign.be\/en\/wp-json\/wp\/v2\/product_cat?post=18913"},{"taxonomy":"product_tag","embeddable":true,"href":"https:\/\/www.sisudesign.be\/en\/wp-json\/wp\/v2\/product_tag?post=18913"}],"curies":[{"name":"wp","href":"https:\/\/api.w.org\/{rel}","templated":true}]}}