{"id":22347,"date":"2024-09-23T14:13:10","date_gmt":"2024-09-23T12:13:10","guid":{"rendered":"https:\/\/www.sisudesign.be\/produit\/pierre\/"},"modified":"2025-12-01T08:47:21","modified_gmt":"2025-12-01T07:47:21","slug":"pierre","status":"publish","type":"product","link":"https:\/\/www.sisudesign.be\/en\/product\/pierre","title":{"rendered":"Pierre"},"content":{"rendered":"<p>La c\u00e9ramiste anversoise Anita Le Grelle a cr\u00e9\u00e9 pour l\u2019\u00e9diteur belge Serax \u00ab\u00a0Terres de R\u00eaves\u00a0Lighting \u00bb, une magnifique collection de luminaires en gr\u00e8s. \u00ab\u00a0Pierre\u00a0\u00bb est une applique murale en gr\u00e8s de couleur beige, compos\u00e9e d\u2019une juxtaposition de diff\u00e9rentes bandes d\u2019argile. On adore le caract\u00e8re artisanal et la lumi\u00e8re chaleureuse que produisent les luminaires de cette collection.<\/p>\n","protected":false},"excerpt":{"rendered":"<p>La c\u00e9ramiste anversoise Anita Le Grelle a cr\u00e9\u00e9 pour l\u2019\u00e9diteur belge Serax \u00ab\u00a0Terres de R\u00eaves\u00a0Lighting \u00bb, une magnifique collection de luminaires en gr\u00e8s. \u00ab\u00a0Pierre\u00a0\u00bb est une applique murale en gr\u00e8s de couleur beige, compos\u00e9e d\u2019une juxtaposition de diff\u00e9rentes bandes d\u2019argile. On adore le caract\u00e8re artisanal et la lumi\u00e8re chaleureuse que produisent les luminaires de cette [&hellip;]<\/p>\n","protected":false},"featured_media":18669,"comment_status":"open","ping_status":"closed","template":"","meta":{"_acf_changed":false},"product_brand":[],"product_cat":[116],"product_tag":[],"class_list":{"0":"post-22347","1":"product","2":"type-product","3":"status-publish","4":"has-post-thumbnail","6":"product_cat-wall-light","8":"first","9":"instock","10":"shipping-taxable","11":"purchasable","12":"product-type-simple"},"acf":[],"_links":{"self":[{"href":"https:\/\/www.sisudesign.be\/en\/wp-json\/wp\/v2\/product\/22347","targetHints":{"allow":["GET"]}}],"collection":[{"href":"https:\/\/www.sisudesign.be\/en\/wp-json\/wp\/v2\/product"}],"about":[{"href":"https:\/\/www.sisudesign.be\/en\/wp-json\/wp\/v2\/types\/product"}],"replies":[{"embeddable":true,"href":"https:\/\/www.sisudesign.be\/en\/wp-json\/wp\/v2\/comments?post=22347"}],"wp:featuredmedia":[{"embeddable":true,"href":"https:\/\/www.sisudesign.be\/en\/wp-json\/wp\/v2\/media\/18669"}],"wp:attachment":[{"href":"https:\/\/www.sisudesign.be\/en\/wp-json\/wp\/v2\/media?parent=22347"}],"wp:term":[{"taxonomy":"product_brand","embeddable":true,"href":"https:\/\/www.sisudesign.be\/en\/wp-json\/wp\/v2\/product_brand?post=22347"},{"taxonomy":"product_cat","embeddable":true,"href":"https:\/\/www.sisudesign.be\/en\/wp-json\/wp\/v2\/product_cat?post=22347"},{"taxonomy":"product_tag","embeddable":true,"href":"https:\/\/www.sisudesign.be\/en\/wp-json\/wp\/v2\/product_tag?post=22347"}],"curies":[{"name":"wp","href":"https:\/\/api.w.org\/{rel}","templated":true}]}}