{"id":22790,"date":"2024-09-26T10:31:08","date_gmt":"2024-09-26T08:31:08","guid":{"rendered":"https:\/\/www.sisudesign.be\/produit\/mite\/"},"modified":"2025-12-01T08:47:29","modified_gmt":"2025-12-01T07:47:29","slug":"mite","status":"publish","type":"product","link":"https:\/\/www.sisudesign.be\/en\/product\/mite","title":{"rendered":"Mite"},"content":{"rendered":"<p>Cr\u00e9ation du designer Marc Sadler, le lampadaire Mite est un des mod\u00e8les les plus embl\u00e9matiques du catalogue de Foscarini. Des ann\u00e9es de recherches et d\u2019exp\u00e9rimentation ont \u00e9t\u00e9 n\u00e9cessaires \u00e0 la mise au point de ce luminaire, le premier \u00e0 associer la fibre de verre \u00e0 un fil de carbone et au Kevlar. Cette combinaison r\u00e9volutionnaire de mat\u00e9riaux lui a valu le prestigieux prix Compasso d&#8217;Oro en 2001. Un fil de carbone noir s&#8217;enroule al\u00e9atoirement sur toute la hauteur du diffuseur en fibre de verre. L&#8217;entrelacement irr\u00e9gulier de fils dessine un motif fascinant au style presque ethnique. La lumi\u00e8re, la mati\u00e8re et la couleur s&#8217;entrem\u00ealent cr\u00e9ant un effet visuel tr\u00e8s fort.<\/p>\n","protected":false},"excerpt":{"rendered":"<p>Cr\u00e9ation du designer Marc Sadler, le lampadaire Mite est un des mod\u00e8les les plus embl\u00e9matiques du catalogue de Foscarini. Des ann\u00e9es de recherches et d\u2019exp\u00e9rimentation ont \u00e9t\u00e9 n\u00e9cessaires \u00e0 la mise au point de ce luminaire, le premier \u00e0 associer la fibre de verre \u00e0 un fil de carbone et au Kevlar. Cette combinaison r\u00e9volutionnaire [&hellip;]<\/p>\n","protected":false},"featured_media":14934,"comment_status":"open","ping_status":"closed","template":"","meta":{"_acf_changed":false},"product_brand":[],"product_cat":[126,117],"product_tag":[119],"class_list":{"0":"post-22790","1":"product","2":"type-product","3":"status-publish","4":"has-post-thumbnail","6":"product_cat-design-icons","7":"product_cat-floor-lamp","8":"product_tag-foscarini-en","10":"first","11":"instock","12":"sale","13":"featured","14":"shipping-taxable","15":"purchasable","16":"product-type-variable"},"acf":[],"_links":{"self":[{"href":"https:\/\/www.sisudesign.be\/en\/wp-json\/wp\/v2\/product\/22790","targetHints":{"allow":["GET"]}}],"collection":[{"href":"https:\/\/www.sisudesign.be\/en\/wp-json\/wp\/v2\/product"}],"about":[{"href":"https:\/\/www.sisudesign.be\/en\/wp-json\/wp\/v2\/types\/product"}],"replies":[{"embeddable":true,"href":"https:\/\/www.sisudesign.be\/en\/wp-json\/wp\/v2\/comments?post=22790"}],"wp:featuredmedia":[{"embeddable":true,"href":"https:\/\/www.sisudesign.be\/en\/wp-json\/wp\/v2\/media\/14934"}],"wp:attachment":[{"href":"https:\/\/www.sisudesign.be\/en\/wp-json\/wp\/v2\/media?parent=22790"}],"wp:term":[{"taxonomy":"product_brand","embeddable":true,"href":"https:\/\/www.sisudesign.be\/en\/wp-json\/wp\/v2\/product_brand?post=22790"},{"taxonomy":"product_cat","embeddable":true,"href":"https:\/\/www.sisudesign.be\/en\/wp-json\/wp\/v2\/product_cat?post=22790"},{"taxonomy":"product_tag","embeddable":true,"href":"https:\/\/www.sisudesign.be\/en\/wp-json\/wp\/v2\/product_tag?post=22790"}],"curies":[{"name":"wp","href":"https:\/\/api.w.org\/{rel}","templated":true}]}}