{"id":23182,"date":"2024-10-15T09:28:34","date_gmt":"2024-10-15T07:28:34","guid":{"rendered":"https:\/\/www.sisudesign.be\/produit\/deja-vu-chaise\/"},"modified":"2024-11-04T11:47:01","modified_gmt":"2024-11-04T10:47:01","slug":"deja-vu-chaise","status":"publish","type":"product","link":"https:\/\/www.sisudesign.be\/en\/product\/deja-vu-chaise","title":{"rendered":"D\u00e9j\u00e0-vu"},"content":{"rendered":"<p>The essential D\u00e9j\u00e0-vu chair, created in 2005 by Japanese designer Naoto Fukasawa for the Italian furniture manufacturer Magis, is a blend of simplicity, modernity, and elegance, with a sleek design that captivates. It features a seat and backrest in cast aluminum and polished aluminum legs. The D\u00e9j\u00e0-vu chair is also available in varnished aluminum finishes in black, deep red, and sand beige, suitable for both indoor and outdoor use. The polished aluminum version is recommended for indoor use only.<\/p>\n<p>Made in Italy.<\/p>\n","protected":false},"excerpt":{"rendered":"<p>The essential D\u00e9j\u00e0-vu chair, created in 2005 by Japanese designer Naoto Fukasawa for the Italian furniture manufacturer Magis, is a blend of simplicity, modernity, and elegance, with a sleek design that captivates. It features a seat and backrest in cast aluminum and polished aluminum legs. The D\u00e9j\u00e0-vu chair is also available in varnished aluminum finishes [&hellip;]<\/p>\n","protected":false},"featured_media":18306,"comment_status":"open","ping_status":"closed","template":"","meta":{"_acf_changed":false},"product_brand":[],"product_cat":[132,162],"product_tag":[149],"class_list":{"0":"post-23182","1":"product","2":"type-product","3":"status-publish","4":"has-post-thumbnail","6":"product_cat-chair","7":"product_cat-furniture","8":"product_tag-magis-en","10":"first","11":"instock","12":"shipping-taxable","13":"purchasable","14":"product-type-variable"},"acf":[],"_links":{"self":[{"href":"https:\/\/www.sisudesign.be\/en\/wp-json\/wp\/v2\/product\/23182","targetHints":{"allow":["GET"]}}],"collection":[{"href":"https:\/\/www.sisudesign.be\/en\/wp-json\/wp\/v2\/product"}],"about":[{"href":"https:\/\/www.sisudesign.be\/en\/wp-json\/wp\/v2\/types\/product"}],"replies":[{"embeddable":true,"href":"https:\/\/www.sisudesign.be\/en\/wp-json\/wp\/v2\/comments?post=23182"}],"wp:featuredmedia":[{"embeddable":true,"href":"https:\/\/www.sisudesign.be\/en\/wp-json\/wp\/v2\/media\/18306"}],"wp:attachment":[{"href":"https:\/\/www.sisudesign.be\/en\/wp-json\/wp\/v2\/media?parent=23182"}],"wp:term":[{"taxonomy":"product_brand","embeddable":true,"href":"https:\/\/www.sisudesign.be\/en\/wp-json\/wp\/v2\/product_brand?post=23182"},{"taxonomy":"product_cat","embeddable":true,"href":"https:\/\/www.sisudesign.be\/en\/wp-json\/wp\/v2\/product_cat?post=23182"},{"taxonomy":"product_tag","embeddable":true,"href":"https:\/\/www.sisudesign.be\/en\/wp-json\/wp\/v2\/product_tag?post=23182"}],"curies":[{"name":"wp","href":"https:\/\/api.w.org\/{rel}","templated":true}]}}