{"id":23189,"date":"2024-10-15T09:57:17","date_gmt":"2024-10-15T07:57:17","guid":{"rendered":"https:\/\/www.sisudesign.be\/produit\/deja-vu-tabouret\/"},"modified":"2024-11-04T11:53:07","modified_gmt":"2024-11-04T10:53:07","slug":"deja-vu-tabouret","status":"publish","type":"product","link":"https:\/\/www.sisudesign.be\/en\/product\/deja-vu-tabouret","title":{"rendered":"D\u00e9j\u00e0-vu"},"content":{"rendered":"<p>Pure and minimalist in design, the D\u00e9j\u00e0-vu stool by Naoto Fukasawa for the Italian brand Magis is a quintessential stool crafted from premium materials. The seat and footrests are made from cast aluminum, and the legs are polished aluminum. D\u00e9j\u00e0-vu is available in three versions: low (H 50 cm), medium (H 66 cm), and high (H 78 cm). Here, we offer the polished aluminum version. These stools are also available in varnished aluminum (black, deep red, sand beige). Please contact us for these additional finishes.<\/p>\n<p>Made in Italy.<\/p>\n","protected":false},"excerpt":{"rendered":"<p>Pure and minimalist in design, the D\u00e9j\u00e0-vu stool by Naoto Fukasawa for the Italian brand Magis is a quintessential stool crafted from premium materials. The seat and footrests are made from cast aluminum, and the legs are polished aluminum. D\u00e9j\u00e0-vu is available in three versions: low (H 50 cm), medium (H 66 cm), and high [&hellip;]<\/p>\n","protected":false},"featured_media":18325,"comment_status":"open","ping_status":"closed","template":"","meta":{"_acf_changed":false},"product_brand":[],"product_cat":[142],"product_tag":[149],"class_list":{"0":"post-23189","1":"product","2":"type-product","3":"status-publish","4":"has-post-thumbnail","6":"product_cat-stool","7":"product_tag-magis-en","9":"first","10":"instock","11":"shipping-taxable","12":"purchasable","13":"product-type-variable"},"acf":[],"_links":{"self":[{"href":"https:\/\/www.sisudesign.be\/en\/wp-json\/wp\/v2\/product\/23189","targetHints":{"allow":["GET"]}}],"collection":[{"href":"https:\/\/www.sisudesign.be\/en\/wp-json\/wp\/v2\/product"}],"about":[{"href":"https:\/\/www.sisudesign.be\/en\/wp-json\/wp\/v2\/types\/product"}],"replies":[{"embeddable":true,"href":"https:\/\/www.sisudesign.be\/en\/wp-json\/wp\/v2\/comments?post=23189"}],"wp:featuredmedia":[{"embeddable":true,"href":"https:\/\/www.sisudesign.be\/en\/wp-json\/wp\/v2\/media\/18325"}],"wp:attachment":[{"href":"https:\/\/www.sisudesign.be\/en\/wp-json\/wp\/v2\/media?parent=23189"}],"wp:term":[{"taxonomy":"product_brand","embeddable":true,"href":"https:\/\/www.sisudesign.be\/en\/wp-json\/wp\/v2\/product_brand?post=23189"},{"taxonomy":"product_cat","embeddable":true,"href":"https:\/\/www.sisudesign.be\/en\/wp-json\/wp\/v2\/product_cat?post=23189"},{"taxonomy":"product_tag","embeddable":true,"href":"https:\/\/www.sisudesign.be\/en\/wp-json\/wp\/v2\/product_tag?post=23189"}],"curies":[{"name":"wp","href":"https:\/\/api.w.org\/{rel}","templated":true}]}}