{"id":23308,"date":"2024-10-23T12:42:30","date_gmt":"2024-10-23T10:42:30","guid":{"rendered":"https:\/\/www.sisudesign.be\/produit\/earth-low\/"},"modified":"2024-11-04T12:24:33","modified_gmt":"2024-11-04T11:24:33","slug":"earth-low","status":"publish","type":"product","link":"https:\/\/www.sisudesign.be\/en\/product\/earth-low","title":{"rendered":"Earth low"},"content":{"rendered":"<p>Designer Marie Michielssen created &#8220;Earth&#8221; for the Belgian house Serax, an astonishing collection of lighting fixtures made from papier-m\u00e2ch\u00e9. Earth features an elegant lampshade composed of two half-spheres in papier-m\u00e2ch\u00e9 that conceal the light source and are equipped with a power cord and switch. Earth emits a warm and inviting light. The light source is included (1x G9 bulb, max 25W).<\/p>\n","protected":false},"excerpt":{"rendered":"<p>Designer Marie Michielssen created &#8220;Earth&#8221; for the Belgian house Serax, an astonishing collection of lighting fixtures made from papier-m\u00e2ch\u00e9. Earth features an elegant lampshade composed of two half-spheres in papier-m\u00e2ch\u00e9 that conceal the light source and are equipped with a power cord and switch. Earth emits a warm and inviting light. The light source is [&hellip;]<\/p>\n","protected":false},"featured_media":18519,"comment_status":"open","ping_status":"closed","template":"","meta":{"_acf_changed":false},"product_brand":[],"product_cat":[160],"product_tag":[153],"class_list":{"0":"post-23308","1":"product","2":"type-product","3":"status-publish","4":"has-post-thumbnail","6":"product_cat-uncategorized","7":"product_tag-serax-en","9":"first","10":"instock","11":"shipping-taxable","12":"purchasable","13":"product-type-simple"},"acf":[],"_links":{"self":[{"href":"https:\/\/www.sisudesign.be\/en\/wp-json\/wp\/v2\/product\/23308","targetHints":{"allow":["GET"]}}],"collection":[{"href":"https:\/\/www.sisudesign.be\/en\/wp-json\/wp\/v2\/product"}],"about":[{"href":"https:\/\/www.sisudesign.be\/en\/wp-json\/wp\/v2\/types\/product"}],"replies":[{"embeddable":true,"href":"https:\/\/www.sisudesign.be\/en\/wp-json\/wp\/v2\/comments?post=23308"}],"wp:featuredmedia":[{"embeddable":true,"href":"https:\/\/www.sisudesign.be\/en\/wp-json\/wp\/v2\/media\/18519"}],"wp:attachment":[{"href":"https:\/\/www.sisudesign.be\/en\/wp-json\/wp\/v2\/media?parent=23308"}],"wp:term":[{"taxonomy":"product_brand","embeddable":true,"href":"https:\/\/www.sisudesign.be\/en\/wp-json\/wp\/v2\/product_brand?post=23308"},{"taxonomy":"product_cat","embeddable":true,"href":"https:\/\/www.sisudesign.be\/en\/wp-json\/wp\/v2\/product_cat?post=23308"},{"taxonomy":"product_tag","embeddable":true,"href":"https:\/\/www.sisudesign.be\/en\/wp-json\/wp\/v2\/product_tag?post=23308"}],"curies":[{"name":"wp","href":"https:\/\/api.w.org\/{rel}","templated":true}]}}