{"id":25603,"date":"2025-02-04T15:07:43","date_gmt":"2025-02-04T14:07:43","guid":{"rendered":"https:\/\/www.sisudesign.be\/product\/dama-3235"},"modified":"2026-01-01T09:25:01","modified_gmt":"2026-01-01T08:25:01","slug":"dama-3235","status":"publish","type":"product","link":"https:\/\/www.sisudesign.be\/en\/product\/dama-3235","title":{"rendered":"Dama 3235"},"content":{"rendered":"<p>The Dama 3235 pendant by Vibia, designed by Ludovica and Roberto Palomba, reinvents the classic light fixture by blending timeless charm with modern elegance. Part of the Dama collection, it goes beyond the traditional lampshade to offer a refined, minimalist form that enhances the lighting. The design softens the lines and refines the material, creating a perfect balance between modernity and tradition. A tribute to the art of lighting, the Dama 3235 pendant emits a soft, warm light, transforming any space into a true work of art. A lighting fixture that is both functional and sculptural, it showcases Vibia&#8217;s commitment to innovative design and unique lighting experiences.<\/p>\n","protected":false},"excerpt":{"rendered":"<p>Apportez \u00e9l\u00e9gance et modernit\u00e9 \u00e0 votre int\u00e9rieur avec la suspension Dama 3235 de Vibia, un design raffin\u00e9 pour un \u00e9clairage sculptural et chaleureux.<\/p>\n","protected":false},"featured_media":24702,"comment_status":"open","ping_status":"closed","template":"","meta":{"_acf_changed":false},"product_brand":[],"product_cat":[113],"product_tag":[1254],"class_list":{"0":"post-25603","1":"product","2":"type-product","3":"status-publish","4":"has-post-thumbnail","6":"product_cat-pendant","7":"product_tag-vibia-2-en","9":"first","10":"instock","11":"shipping-taxable","12":"purchasable","13":"product-type-variable"},"acf":[],"_links":{"self":[{"href":"https:\/\/www.sisudesign.be\/en\/wp-json\/wp\/v2\/product\/25603","targetHints":{"allow":["GET"]}}],"collection":[{"href":"https:\/\/www.sisudesign.be\/en\/wp-json\/wp\/v2\/product"}],"about":[{"href":"https:\/\/www.sisudesign.be\/en\/wp-json\/wp\/v2\/types\/product"}],"replies":[{"embeddable":true,"href":"https:\/\/www.sisudesign.be\/en\/wp-json\/wp\/v2\/comments?post=25603"}],"wp:featuredmedia":[{"embeddable":true,"href":"https:\/\/www.sisudesign.be\/en\/wp-json\/wp\/v2\/media\/24702"}],"wp:attachment":[{"href":"https:\/\/www.sisudesign.be\/en\/wp-json\/wp\/v2\/media?parent=25603"}],"wp:term":[{"taxonomy":"product_brand","embeddable":true,"href":"https:\/\/www.sisudesign.be\/en\/wp-json\/wp\/v2\/product_brand?post=25603"},{"taxonomy":"product_cat","embeddable":true,"href":"https:\/\/www.sisudesign.be\/en\/wp-json\/wp\/v2\/product_cat?post=25603"},{"taxonomy":"product_tag","embeddable":true,"href":"https:\/\/www.sisudesign.be\/en\/wp-json\/wp\/v2\/product_tag?post=25603"}],"curies":[{"name":"wp","href":"https:\/\/api.w.org\/{rel}","templated":true}]}}