{"id":25608,"date":"2025-02-04T15:13:25","date_gmt":"2025-02-04T14:13:25","guid":{"rendered":"https:\/\/www.sisudesign.be\/product\/dama-3225"},"modified":"2025-12-01T08:47:29","modified_gmt":"2025-12-01T07:47:29","slug":"dama-3225","status":"publish","type":"product","link":"https:\/\/www.sisudesign.be\/en\/product\/dama-3225","title":{"rendered":"Dama 3225"},"content":{"rendered":"<p>The Dama 3225 table lamp by Vibia combines graceful curves and balanced proportions to offer a discreet and timeless elegance. Its delicate silhouette, inspired by classical sculpture, blends perfectly with all types of interiors, whether modern or traditional. Equipped with a dimmable LED light, the Dama 3225 emits a warm and welcoming glow, perfect for creating a cozy and intimate atmosphere. Its push-button dimmer allows for easy adjustment of the light intensity. A lamp that illuminates with style and character.<\/p>\n<p>Available in two finishes: black or beige metal structure.<\/p>\n<p>Made in Spain.<\/p>\n","protected":false},"excerpt":{"rendered":"<p>La lampe de table Dama 3225 de Vibia, une sculpture lumineuse au design \u00e9l\u00e9gant et \u00e0 la lumi\u00e8re LED dimmable chaleureuse.<\/p>\n","protected":false},"featured_media":24710,"comment_status":"open","ping_status":"closed","template":"","meta":{"_acf_changed":false},"product_brand":[],"product_cat":[111],"product_tag":[1254],"class_list":{"0":"post-25608","1":"product","2":"type-product","3":"status-publish","4":"has-post-thumbnail","6":"product_cat-table-lamp","7":"product_tag-vibia-2-en","9":"first","10":"instock","11":"shipping-taxable","12":"purchasable","13":"product-type-variable"},"acf":[],"_links":{"self":[{"href":"https:\/\/www.sisudesign.be\/en\/wp-json\/wp\/v2\/product\/25608","targetHints":{"allow":["GET"]}}],"collection":[{"href":"https:\/\/www.sisudesign.be\/en\/wp-json\/wp\/v2\/product"}],"about":[{"href":"https:\/\/www.sisudesign.be\/en\/wp-json\/wp\/v2\/types\/product"}],"replies":[{"embeddable":true,"href":"https:\/\/www.sisudesign.be\/en\/wp-json\/wp\/v2\/comments?post=25608"}],"wp:featuredmedia":[{"embeddable":true,"href":"https:\/\/www.sisudesign.be\/en\/wp-json\/wp\/v2\/media\/24710"}],"wp:attachment":[{"href":"https:\/\/www.sisudesign.be\/en\/wp-json\/wp\/v2\/media?parent=25608"}],"wp:term":[{"taxonomy":"product_brand","embeddable":true,"href":"https:\/\/www.sisudesign.be\/en\/wp-json\/wp\/v2\/product_brand?post=25608"},{"taxonomy":"product_cat","embeddable":true,"href":"https:\/\/www.sisudesign.be\/en\/wp-json\/wp\/v2\/product_cat?post=25608"},{"taxonomy":"product_tag","embeddable":true,"href":"https:\/\/www.sisudesign.be\/en\/wp-json\/wp\/v2\/product_tag?post=25608"}],"curies":[{"name":"wp","href":"https:\/\/api.w.org\/{rel}","templated":true}]}}