{"id":25612,"date":"2025-02-04T15:17:45","date_gmt":"2025-02-04T14:17:45","guid":{"rendered":"https:\/\/www.sisudesign.be\/product\/dama-3230"},"modified":"2025-02-10T19:06:31","modified_gmt":"2025-02-10T18:06:31","slug":"dama-3230","status":"publish","type":"product","link":"https:\/\/www.sisudesign.be\/en\/product\/dama-3230","title":{"rendered":"Dama 3230"},"content":{"rendered":"<p>The Dama 3230 floor lamp by Vibia, designed by Ludovica and Roberto Palomba, reinvents the elegance of classic design. More than just a light fixture, it transforms lighting into an experience. Its refined and balanced silhouette merges tradition and modernity, softening the forms to create a presence that is both strong and subtle. The Dama collection\u2014also including a pendant and a table lamp\u2014pays homage to the timeless elegance of classic lighting while reinterpreting the design of traditional shades and structures. The floor lamp combines soft shapes and refined materials, creating a balanced silhouette that integrates effortlessly into all types of interiors. This floor lamp perfectly embodies Vibia&#8217;s commitment to innovative design, capable of transforming any space. With the Dama 3230, lighting becomes a tribute to art and functionality, adding a touch of elegance and warmth to your interior.<\/p>\n<p>Available in two finishes: metallic ring in black and beige.<\/p>\n<p>Made in Spain.<\/p>\n","protected":false},"excerpt":{"rendered":"<p>D\u00e9couvrez le lampadaire Dama 3230 de Vibia : un design \u00e9l\u00e9gant qui allie tradition et modernit\u00e9 pour un \u00e9clairage sculptural et chaleureux.<\/p>\n","protected":false},"featured_media":24710,"comment_status":"open","ping_status":"closed","template":"","meta":{"_acf_changed":false},"product_brand":[],"product_cat":[117],"product_tag":[1254],"class_list":{"0":"post-25612","1":"product","2":"type-product","3":"status-publish","4":"has-post-thumbnail","6":"product_cat-floor-lamp","7":"product_tag-vibia-2-en","9":"first","10":"instock","11":"shipping-taxable","12":"purchasable","13":"product-type-variable"},"acf":[],"_links":{"self":[{"href":"https:\/\/www.sisudesign.be\/en\/wp-json\/wp\/v2\/product\/25612","targetHints":{"allow":["GET"]}}],"collection":[{"href":"https:\/\/www.sisudesign.be\/en\/wp-json\/wp\/v2\/product"}],"about":[{"href":"https:\/\/www.sisudesign.be\/en\/wp-json\/wp\/v2\/types\/product"}],"replies":[{"embeddable":true,"href":"https:\/\/www.sisudesign.be\/en\/wp-json\/wp\/v2\/comments?post=25612"}],"wp:featuredmedia":[{"embeddable":true,"href":"https:\/\/www.sisudesign.be\/en\/wp-json\/wp\/v2\/media\/24710"}],"wp:attachment":[{"href":"https:\/\/www.sisudesign.be\/en\/wp-json\/wp\/v2\/media?parent=25612"}],"wp:term":[{"taxonomy":"product_brand","embeddable":true,"href":"https:\/\/www.sisudesign.be\/en\/wp-json\/wp\/v2\/product_brand?post=25612"},{"taxonomy":"product_cat","embeddable":true,"href":"https:\/\/www.sisudesign.be\/en\/wp-json\/wp\/v2\/product_cat?post=25612"},{"taxonomy":"product_tag","embeddable":true,"href":"https:\/\/www.sisudesign.be\/en\/wp-json\/wp\/v2\/product_tag?post=25612"}],"curies":[{"name":"wp","href":"https:\/\/api.w.org\/{rel}","templated":true}]}}