{"id":25756,"date":"2025-02-07T15:25:01","date_gmt":"2025-02-07T14:25:01","guid":{"rendered":"https:\/\/www.sisudesign.be\/product\/koki-chaise"},"modified":"2026-02-07T10:22:44","modified_gmt":"2026-02-07T09:22:44","slug":"koki-chaise","status":"publish","type":"product","link":"https:\/\/www.sisudesign.be\/en\/product\/koki-chaise","title":{"rendered":"Koki (chaise)"},"content":{"rendered":"<p>Created by the duo Pocci and Dondoli for Desalto, the Koki chair, with its contemporary design, is a versatile and modern option for any environment. The shell, made from integral polyurethane, offers great durability and resistance over time, ensuring comfort and stability during use. Its ergonomic shape provides a comfortable seat, while its contemporary design fits seamlessly into a wide range of settings. The lacquered steel legs are made in the same color as the seat.<\/p>\n<p>Additionally, Koki has the advantage of being stackable and suitable for outdoor use.<\/p>\n<p>Koki represents the perfect synthesis of form, functionality, and innovation.<\/p>\n<p>The Koki collection also includes a stool (available in two heights) that shares the same characteristics and qualities.<\/p>\n<p>Available in 10 colors (see the <a href=\"https:\/\/www.sisudesign.be\/wp-content\/uploads\/2024\/10\/Koki-fiche-produit.pdf\">product sheet<\/a>).<\/p>\n","protected":false},"excerpt":{"rendered":"<p>Chaise empilable en polyur\u00e9thane et acier laqu\u00e9 au design contemporain. Int\u00e9rieur et ext\u00e9rieur.<\/p>\n","protected":false},"featured_media":25014,"comment_status":"open","ping_status":"closed","template":"","meta":{"_acf_changed":false},"product_brand":[],"product_cat":[132,1540,2114,155],"product_tag":[1263],"class_list":{"0":"post-25756","1":"product","2":"type-product","3":"status-publish","4":"has-post-thumbnail","6":"product_cat-chair","7":"product_cat-chaise-outdoor-en","8":"product_cat-desalto","9":"product_cat-outdoor","10":"product_tag-desalto-en","12":"first","13":"instock","14":"shipping-taxable","15":"purchasable","16":"product-type-variable"},"acf":[],"_links":{"self":[{"href":"https:\/\/www.sisudesign.be\/en\/wp-json\/wp\/v2\/product\/25756","targetHints":{"allow":["GET"]}}],"collection":[{"href":"https:\/\/www.sisudesign.be\/en\/wp-json\/wp\/v2\/product"}],"about":[{"href":"https:\/\/www.sisudesign.be\/en\/wp-json\/wp\/v2\/types\/product"}],"replies":[{"embeddable":true,"href":"https:\/\/www.sisudesign.be\/en\/wp-json\/wp\/v2\/comments?post=25756"}],"wp:featuredmedia":[{"embeddable":true,"href":"https:\/\/www.sisudesign.be\/en\/wp-json\/wp\/v2\/media\/25014"}],"wp:attachment":[{"href":"https:\/\/www.sisudesign.be\/en\/wp-json\/wp\/v2\/media?parent=25756"}],"wp:term":[{"taxonomy":"product_brand","embeddable":true,"href":"https:\/\/www.sisudesign.be\/en\/wp-json\/wp\/v2\/product_brand?post=25756"},{"taxonomy":"product_cat","embeddable":true,"href":"https:\/\/www.sisudesign.be\/en\/wp-json\/wp\/v2\/product_cat?post=25756"},{"taxonomy":"product_tag","embeddable":true,"href":"https:\/\/www.sisudesign.be\/en\/wp-json\/wp\/v2\/product_tag?post=25756"}],"curies":[{"name":"wp","href":"https:\/\/api.w.org\/{rel}","templated":true}]}}