{"id":30020,"date":"2025-03-12T08:26:48","date_gmt":"2025-03-12T07:26:48","guid":{"rendered":"https:\/\/www.sisudesign.be\/product\/stockholm-sth301"},"modified":"2025-05-23T18:46:43","modified_gmt":"2025-05-23T16:46:43","slug":"stockholm-sth301","status":"publish","type":"product","link":"https:\/\/www.sisudesign.be\/en\/product\/stockholm-sth301","title":{"rendered":"Stockholm STH301"},"content":{"rendered":"<p>The Stockholm sideboard collection, created by Mario Ruiz for Punt Mobles, won the prestigious Red Dot Award in 2015\u2014one of the highest accolades in the design world. Since then, Stockholm has become an iconic piece of the brand.<\/p>\n<p>Available in a variety of refined finishes, configurations, and sizes, this sideboard adapts to any space and need, whether it\u2019s for a dining room, office, or living area.<\/p>\n<p>Its linear and sophisticated design is highlighted by an MDF structure, finished with a natural oak or walnut veneer for a warm, organic look. The anodized metal top, available in multiple shades, adds a touch of elegance and modernity.<\/p>\n<p><strong>Stockholm Punt<\/strong> is available in various configurations: placed on a 6 cm plinth, 17 cm or 29 cm legs, or wall-mounted using discreet fixings. The absence of handles and the push-pull opening system for doors and drawers enhance its minimalist and functional aesthetic.<\/p>\n<p>Its modular design, high-quality materials, and timeless style make it the perfect storage solution, bringing sophistication to any interior.<\/p>\n<p>The proposed model (STH301) measures 180 cm in length, 46 cm in depth, and 51 cm in height, featuring three doors.<\/p>\n<p>The Stockholm collection offers the option to order sideboards with or without cable management. Versions with cable management include a folding lid on the aluminum top for cable entry, a cable hole per door at the back, and cover caps for each opening.<\/p>\n<p>For finish options, please refer to the <a href=\"https:\/\/www.sisudesign.be\/wp-content\/uploads\/2025\/02\/punt-mobles-sideboard-stockholm-fiche-des-finitions-disponibles.pdf\">available finishes sheet<\/a>.<\/p>\n<p>If you would like custom finishes beyond those offered here, please contact us!<\/p>\n","protected":false},"excerpt":{"rendered":"<p>Stockholm est une collection de buffets, commodes, meubles de t\u00e9l\u00e9vision et bureaux laur\u00e9ats du prix Red Dot 2015 avec une finition sp\u00e9ciale d\u2019aluminium en partie sup\u00e9rieure. Le meuble repose sur un socle, avec des pieds r\u00e9glables ou ferrure pour fixation murale.<\/p>\n","protected":false},"featured_media":27295,"comment_status":"open","ping_status":"closed","template":"","meta":{"_acf_changed":false},"product_brand":[],"product_cat":[123],"product_tag":[1455],"class_list":{"0":"post-30020","1":"product","2":"type-product","3":"status-publish","4":"has-post-thumbnail","6":"product_cat-sideboard","7":"product_tag-punt-mobles-en","9":"first","10":"instock","11":"shipping-taxable","12":"purchasable","13":"product-type-variable"},"acf":[],"_links":{"self":[{"href":"https:\/\/www.sisudesign.be\/en\/wp-json\/wp\/v2\/product\/30020","targetHints":{"allow":["GET"]}}],"collection":[{"href":"https:\/\/www.sisudesign.be\/en\/wp-json\/wp\/v2\/product"}],"about":[{"href":"https:\/\/www.sisudesign.be\/en\/wp-json\/wp\/v2\/types\/product"}],"replies":[{"embeddable":true,"href":"https:\/\/www.sisudesign.be\/en\/wp-json\/wp\/v2\/comments?post=30020"}],"wp:featuredmedia":[{"embeddable":true,"href":"https:\/\/www.sisudesign.be\/en\/wp-json\/wp\/v2\/media\/27295"}],"wp:attachment":[{"href":"https:\/\/www.sisudesign.be\/en\/wp-json\/wp\/v2\/media?parent=30020"}],"wp:term":[{"taxonomy":"product_brand","embeddable":true,"href":"https:\/\/www.sisudesign.be\/en\/wp-json\/wp\/v2\/product_brand?post=30020"},{"taxonomy":"product_cat","embeddable":true,"href":"https:\/\/www.sisudesign.be\/en\/wp-json\/wp\/v2\/product_cat?post=30020"},{"taxonomy":"product_tag","embeddable":true,"href":"https:\/\/www.sisudesign.be\/en\/wp-json\/wp\/v2\/product_tag?post=30020"}],"curies":[{"name":"wp","href":"https:\/\/api.w.org\/{rel}","templated":true}]}}