{"id":30269,"date":"2025-03-16T10:07:43","date_gmt":"2025-03-16T09:07:43","guid":{"rendered":"https:\/\/www.sisudesign.be\/product\/gao-60"},"modified":"2025-03-31T22:08:12","modified_gmt":"2025-03-31T20:08:12","slug":"gao-60","status":"publish","type":"product","link":"https:\/\/www.sisudesign.be\/en\/product\/gao-60","title":{"rendered":"Gao 60"},"content":{"rendered":"<p>The GAO 60 cm Round Side Table by BABEL D, designed by Simone Bonanni, is an elegant piece suitable for both indoor and outdoor environments.<\/p>\n<p>Made from treated steel with a polyester powder-coated finish, it is available in a range of colors: anthracite, white, honey, periwinkle, rhubarb, sage, terracotta, and turquoise.<\/p>\n<p>With a diameter of 60 cm and a height of 73 cm, it provides a practical surface for various uses.<\/p>\n<p>Made in Italy.<\/p>\n","protected":false},"excerpt":{"rendered":"<p>Table d&#8217;appoint \u00e9l\u00e9gante et color\u00e9e pour une utilisation int\u00e9rieur\/ext\u00e9rieur.<\/p>\n","protected":false},"featured_media":29287,"comment_status":"open","ping_status":"closed","template":"","meta":{"_acf_changed":false},"product_brand":[],"product_cat":[1538],"product_tag":[1520],"class_list":{"0":"post-30269","1":"product","2":"type-product","3":"status-publish","4":"has-post-thumbnail","6":"product_cat-table-basse-outdoor-en","7":"product_tag-babel-d-en","9":"first","10":"instock","11":"sale","12":"shipping-taxable","13":"purchasable","14":"product-type-variable"},"acf":[],"_links":{"self":[{"href":"https:\/\/www.sisudesign.be\/en\/wp-json\/wp\/v2\/product\/30269","targetHints":{"allow":["GET"]}}],"collection":[{"href":"https:\/\/www.sisudesign.be\/en\/wp-json\/wp\/v2\/product"}],"about":[{"href":"https:\/\/www.sisudesign.be\/en\/wp-json\/wp\/v2\/types\/product"}],"replies":[{"embeddable":true,"href":"https:\/\/www.sisudesign.be\/en\/wp-json\/wp\/v2\/comments?post=30269"}],"wp:featuredmedia":[{"embeddable":true,"href":"https:\/\/www.sisudesign.be\/en\/wp-json\/wp\/v2\/media\/29287"}],"wp:attachment":[{"href":"https:\/\/www.sisudesign.be\/en\/wp-json\/wp\/v2\/media?parent=30269"}],"wp:term":[{"taxonomy":"product_brand","embeddable":true,"href":"https:\/\/www.sisudesign.be\/en\/wp-json\/wp\/v2\/product_brand?post=30269"},{"taxonomy":"product_cat","embeddable":true,"href":"https:\/\/www.sisudesign.be\/en\/wp-json\/wp\/v2\/product_cat?post=30269"},{"taxonomy":"product_tag","embeddable":true,"href":"https:\/\/www.sisudesign.be\/en\/wp-json\/wp\/v2\/product_tag?post=30269"}],"curies":[{"name":"wp","href":"https:\/\/api.w.org\/{rel}","templated":true}]}}