{"id":30280,"date":"2025-03-16T10:22:58","date_gmt":"2025-03-16T09:22:58","guid":{"rendered":"https:\/\/www.sisudesign.be\/product\/gao-120"},"modified":"2025-03-31T22:09:35","modified_gmt":"2025-03-31T20:09:35","slug":"gao-120","status":"publish","type":"product","link":"https:\/\/www.sisudesign.be\/en\/product\/gao-120","title":{"rendered":"Gao 120"},"content":{"rendered":"<p>The GAO 120 cm Round Table by BABEL D, designed by Simone Bonanni, is an elegant piece suitable for both indoor and outdoor settings.<\/p>\n<p>Despite its lightweight and refined appearance, the table remains robust and stable, adding a touch of sophistication.<\/p>\n<p>Crafted from treated steel with a polyester powder-coated finish, it is available in a range of colors: Anthracite, White, Honey, Periwinkle, Rhubarb, Sage, Terracotta, and Turquoise.<\/p>\n<p>With a diameter of 120 cm, it can comfortably seat up to 6 people.<\/p>\n<p>Made in Italy.<\/p>\n","protected":false},"excerpt":{"rendered":"<p>Table ronde de 120 cm, \u00e9l\u00e9gante et color\u00e9e pour une utilisation int\u00e9rieur\/ext\u00e9rieur.<\/p>\n","protected":false},"featured_media":29309,"comment_status":"open","ping_status":"closed","template":"","meta":{"_acf_changed":false},"product_brand":[],"product_cat":[1539],"product_tag":[1520],"class_list":{"0":"post-30280","1":"product","2":"type-product","3":"status-publish","4":"has-post-thumbnail","6":"product_cat-table-2-en","7":"product_tag-babel-d-en","9":"first","10":"instock","11":"sale","12":"shipping-taxable","13":"purchasable","14":"product-type-variable"},"acf":[],"_links":{"self":[{"href":"https:\/\/www.sisudesign.be\/en\/wp-json\/wp\/v2\/product\/30280","targetHints":{"allow":["GET"]}}],"collection":[{"href":"https:\/\/www.sisudesign.be\/en\/wp-json\/wp\/v2\/product"}],"about":[{"href":"https:\/\/www.sisudesign.be\/en\/wp-json\/wp\/v2\/types\/product"}],"replies":[{"embeddable":true,"href":"https:\/\/www.sisudesign.be\/en\/wp-json\/wp\/v2\/comments?post=30280"}],"wp:featuredmedia":[{"embeddable":true,"href":"https:\/\/www.sisudesign.be\/en\/wp-json\/wp\/v2\/media\/29309"}],"wp:attachment":[{"href":"https:\/\/www.sisudesign.be\/en\/wp-json\/wp\/v2\/media?parent=30280"}],"wp:term":[{"taxonomy":"product_brand","embeddable":true,"href":"https:\/\/www.sisudesign.be\/en\/wp-json\/wp\/v2\/product_brand?post=30280"},{"taxonomy":"product_cat","embeddable":true,"href":"https:\/\/www.sisudesign.be\/en\/wp-json\/wp\/v2\/product_cat?post=30280"},{"taxonomy":"product_tag","embeddable":true,"href":"https:\/\/www.sisudesign.be\/en\/wp-json\/wp\/v2\/product_tag?post=30280"}],"curies":[{"name":"wp","href":"https:\/\/api.w.org\/{rel}","templated":true}]}}