{"id":30290,"date":"2025-03-16T18:23:39","date_gmt":"2025-03-16T17:23:39","guid":{"rendered":"https:\/\/www.sisudesign.be\/product\/gao-180-babel-d-mobilier-outdoor"},"modified":"2025-03-31T22:11:02","modified_gmt":"2025-03-31T20:11:02","slug":"gao-180-babel-d-mobilier-outdoor","status":"publish","type":"product","link":"https:\/\/www.sisudesign.be\/en\/product\/gao-180-babel-d-mobilier-outdoor","title":{"rendered":"Gao 180"},"content":{"rendered":"<p>The GAO table by BABEL D, designed by Simone Bonanni, is an elegant piece suitable for both indoor and outdoor environments. Despite its apparent lightness and sleek design, the table is robust and stable, adding a touch of refinement. In its rectangular version of 180 cm in length, it can comfortably seat up to 8 guests. Made of treated steel with a polyester powder coating, it is available in a palette of eight sophisticated colors: anthracite, white, honey, periwinkle, rhubarb, sage, terracotta, and turquoise. Made in Italy.<\/p>\n","protected":false},"excerpt":{"rendered":"<p>Table rectangulaire GAO, \u00e9l\u00e9gante et color\u00e9e pour une utilisation int\u00e9rieur\/ext\u00e9rieur et accueillir 8 convives.<\/p>\n","protected":false},"featured_media":29332,"comment_status":"open","ping_status":"closed","template":"","meta":{"_acf_changed":false},"product_brand":[],"product_cat":[1539],"product_tag":[1520],"class_list":{"0":"post-30290","1":"product","2":"type-product","3":"status-publish","4":"has-post-thumbnail","6":"product_cat-table-2-en","7":"product_tag-babel-d-en","9":"first","10":"instock","11":"sale","12":"shipping-taxable","13":"purchasable","14":"product-type-variable"},"acf":[],"_links":{"self":[{"href":"https:\/\/www.sisudesign.be\/en\/wp-json\/wp\/v2\/product\/30290","targetHints":{"allow":["GET"]}}],"collection":[{"href":"https:\/\/www.sisudesign.be\/en\/wp-json\/wp\/v2\/product"}],"about":[{"href":"https:\/\/www.sisudesign.be\/en\/wp-json\/wp\/v2\/types\/product"}],"replies":[{"embeddable":true,"href":"https:\/\/www.sisudesign.be\/en\/wp-json\/wp\/v2\/comments?post=30290"}],"wp:featuredmedia":[{"embeddable":true,"href":"https:\/\/www.sisudesign.be\/en\/wp-json\/wp\/v2\/media\/29332"}],"wp:attachment":[{"href":"https:\/\/www.sisudesign.be\/en\/wp-json\/wp\/v2\/media?parent=30290"}],"wp:term":[{"taxonomy":"product_brand","embeddable":true,"href":"https:\/\/www.sisudesign.be\/en\/wp-json\/wp\/v2\/product_brand?post=30290"},{"taxonomy":"product_cat","embeddable":true,"href":"https:\/\/www.sisudesign.be\/en\/wp-json\/wp\/v2\/product_cat?post=30290"},{"taxonomy":"product_tag","embeddable":true,"href":"https:\/\/www.sisudesign.be\/en\/wp-json\/wp\/v2\/product_tag?post=30290"}],"curies":[{"name":"wp","href":"https:\/\/api.w.org\/{rel}","templated":true}]}}