{"id":30300,"date":"2025-03-16T18:43:02","date_gmt":"2025-03-16T17:43:02","guid":{"rendered":"https:\/\/www.sisudesign.be\/product\/gao-stool"},"modified":"2025-03-31T22:12:37","modified_gmt":"2025-03-31T20:12:37","slug":"gao-stool","status":"publish","type":"product","link":"https:\/\/www.sisudesign.be\/en\/product\/gao-stool","title":{"rendered":"Gao (stool)"},"content":{"rendered":"<p>The GAO stool by BABEL D, designed by Simone Bonanni, combines robustness and lightness. Crafted from treated steel with a polyester powder-coated finish, it is available in eight sophisticated shades: anthracite, white, honey yellow, periwinkle blue, rhubarb red, sage green, terracotta, and turquoise. Ideal for both indoor and outdoor use, it seamlessly fits into various environments. Made in Italy.<\/p>\n","protected":false},"excerpt":{"rendered":"<p>Tabouret de la collection GAO, \u00e9l\u00e9gant et color\u00e9 pour une utilisation int\u00e9rieur\/ext\u00e9rieur.<\/p>\n","protected":false},"featured_media":29356,"comment_status":"open","ping_status":"closed","template":"","meta":{"_acf_changed":false},"product_brand":[],"product_cat":[1540],"product_tag":[1520],"class_list":{"0":"post-30300","1":"product","2":"type-product","3":"status-publish","4":"has-post-thumbnail","6":"product_cat-chaise-outdoor-en","7":"product_tag-babel-d-en","9":"first","10":"instock","11":"shipping-taxable","12":"purchasable","13":"product-type-variable"},"acf":[],"_links":{"self":[{"href":"https:\/\/www.sisudesign.be\/en\/wp-json\/wp\/v2\/product\/30300","targetHints":{"allow":["GET"]}}],"collection":[{"href":"https:\/\/www.sisudesign.be\/en\/wp-json\/wp\/v2\/product"}],"about":[{"href":"https:\/\/www.sisudesign.be\/en\/wp-json\/wp\/v2\/types\/product"}],"replies":[{"embeddable":true,"href":"https:\/\/www.sisudesign.be\/en\/wp-json\/wp\/v2\/comments?post=30300"}],"wp:featuredmedia":[{"embeddable":true,"href":"https:\/\/www.sisudesign.be\/en\/wp-json\/wp\/v2\/media\/29356"}],"wp:attachment":[{"href":"https:\/\/www.sisudesign.be\/en\/wp-json\/wp\/v2\/media?parent=30300"}],"wp:term":[{"taxonomy":"product_brand","embeddable":true,"href":"https:\/\/www.sisudesign.be\/en\/wp-json\/wp\/v2\/product_brand?post=30300"},{"taxonomy":"product_cat","embeddable":true,"href":"https:\/\/www.sisudesign.be\/en\/wp-json\/wp\/v2\/product_cat?post=30300"},{"taxonomy":"product_tag","embeddable":true,"href":"https:\/\/www.sisudesign.be\/en\/wp-json\/wp\/v2\/product_tag?post=30300"}],"curies":[{"name":"wp","href":"https:\/\/api.w.org\/{rel}","templated":true}]}}