{"id":30536,"date":"2025-03-20T17:07:55","date_gmt":"2025-03-20T16:07:55","guid":{"rendered":"https:\/\/www.sisudesign.be\/product\/creso-marbre"},"modified":"2025-05-14T23:20:48","modified_gmt":"2025-05-14T21:20:48","slug":"creso-dining-table-acerbis","status":"publish","type":"product","link":"https:\/\/www.sisudesign.be\/en\/product\/creso-dining-table-acerbis","title":{"rendered":"Creso marbre"},"content":{"rendered":"<p class=\"\" data-start=\"1062\" data-end=\"1180\"><span class=\"relative -mx-px my-[-0.2rem] rounded px-px py-[0.2rem] transition-colors duration-100 ease-in-out\">The <strong data-start=\"4\" data-end=\"19\">Creso table<\/strong> by <strong data-start=\"23\" data-end=\"34\">Acerbis<\/strong>, designed by <strong data-start=\"48\" data-end=\"78\">Lella and Massimo Vignelli<\/strong> in 1988, embodies a sculptural approach to contemporary design.<\/span> <span class=\"relative -mx-px my-[-0.2rem] rounded px-px py-[0.2rem] transition-colors duration-100 ease-in-out\">With its monolithic silhouette and unique central pedestal, it combines minimalist aesthetics with functionality.<\/span><\/p>\n<p class=\"\" data-start=\"1182\" data-end=\"1340\"><span class=\"relative -mx-px my-[-0.2rem] rounded px-px py-[0.2rem] transition-colors duration-100 ease-in-out\">Available in three diameters (\u00d8130, \u00d8160, and \u00d8180 cm), Creso offers a variety of finishes to suit diverse interiors.<\/span> <span class=\"relative -mx-px my-[-0.2rem] rounded px-px py-[0.2rem] transition-colors duration-100 ease-in-out\">The tabletop can be in 15 mm thick transparent glass or 20 mm matte marble, with options such as Arabescato white, Marquinia black, Levanto red, or Alpi green.<\/span> <span class=\"relative -mx-px my-[-0.2rem] rounded px-px py-[0.2rem] transition-colors duration-100 ease-in-out\">A matte travertine version is also available for models up to \u00d8160 cm.<\/span><\/p>\n<p class=\"\" data-start=\"1342\" data-end=\"1500\"><span class=\"relative -mx-px my-[-0.2rem] rounded px-px py-[0.2rem] transition-colors duration-100 ease-in-out\">The cylindrical base (\u00d840 or \u00d850 cm) is crafted from steel painted in micaceous grey or orbital bronze, or clad in brass-plated steel.<\/span> <span class=\"relative -mx-px my-[-0.2rem] rounded px-px py-[0.2rem] transition-colors duration-100 ease-in-out\">A monomaterial version in matte travertine is also offered.<\/span> <span class=\"relative -mx-px my-[-0.2rem] rounded px-px py-[0.2rem] transition-colors duration-100 ease-in-out\">An internal iron column ensures the stability of the structure.<\/span><\/p>\n<p class=\"\" data-start=\"1502\" data-end=\"1580\"><span class=\"relative -mx-px my-[-0.2rem] rounded px-px py-[0.2rem] transition-colors duration-100 ease-in-out\">Made in Italy, the Creso table is a centerpiece that brings timeless elegance to any space.<\/span><\/p>\n<p>&nbsp;<\/p>\n","protected":false},"excerpt":{"rendered":"<p>The Creso table by Acerbis, designed by Lella and Massimo Vignelli in 1988, embodies a sculptural approach to contemporary design. With its monolithic silhouette and unique central pedestal, it combines minimalist aesthetics with functionality. Available in three diameters (\u00d8130, \u00d8160, and \u00d8180 cm), Creso offers a variety of finishes to suit diverse interiors. The tabletop [&hellip;]<\/p>\n","protected":false},"featured_media":28820,"comment_status":"open","ping_status":"closed","template":"","meta":{"_acf_changed":false},"product_brand":[],"product_cat":[133],"product_tag":[166],"class_list":{"0":"post-30536","1":"product","2":"type-product","3":"status-publish","4":"has-post-thumbnail","6":"product_cat-table","7":"product_tag-acerbis-en","9":"first","10":"instock","11":"shipping-taxable","12":"purchasable","13":"product-type-variable"},"acf":[],"_links":{"self":[{"href":"https:\/\/www.sisudesign.be\/en\/wp-json\/wp\/v2\/product\/30536","targetHints":{"allow":["GET"]}}],"collection":[{"href":"https:\/\/www.sisudesign.be\/en\/wp-json\/wp\/v2\/product"}],"about":[{"href":"https:\/\/www.sisudesign.be\/en\/wp-json\/wp\/v2\/types\/product"}],"replies":[{"embeddable":true,"href":"https:\/\/www.sisudesign.be\/en\/wp-json\/wp\/v2\/comments?post=30536"}],"wp:featuredmedia":[{"embeddable":true,"href":"https:\/\/www.sisudesign.be\/en\/wp-json\/wp\/v2\/media\/28820"}],"wp:attachment":[{"href":"https:\/\/www.sisudesign.be\/en\/wp-json\/wp\/v2\/media?parent=30536"}],"wp:term":[{"taxonomy":"product_brand","embeddable":true,"href":"https:\/\/www.sisudesign.be\/en\/wp-json\/wp\/v2\/product_brand?post=30536"},{"taxonomy":"product_cat","embeddable":true,"href":"https:\/\/www.sisudesign.be\/en\/wp-json\/wp\/v2\/product_cat?post=30536"},{"taxonomy":"product_tag","embeddable":true,"href":"https:\/\/www.sisudesign.be\/en\/wp-json\/wp\/v2\/product_tag?post=30536"}],"curies":[{"name":"wp","href":"https:\/\/api.w.org\/{rel}","templated":true}]}}