{"id":35724,"date":"2025-04-14T13:59:54","date_gmt":"2025-04-14T11:59:54","guid":{"rendered":"https:\/\/www.sisudesign.be\/product\/mangas-outdoor-pouf-gan-rugs"},"modified":"2025-07-01T00:00:06","modified_gmt":"2025-06-30T22:00:06","slug":"pouf-mangas-outdoor-gan-rugs-2","status":"publish","type":"product","link":"https:\/\/www.sisudesign.be\/en\/product\/pouf-mangas-outdoor-gan-rugs-2","title":{"rendered":"Mangas outdoor (pouf)"},"content":{"rendered":"<p>Les poufs Mangas Outdoor\u00a0sign\u00e9s\u00a0Patricia Urquiola\u00a0r\u00e9inventent le confort en plein air avec la m\u00eame audace textile qui a fait le succ\u00e8s de la collection originale. Inspir\u00e9s des manches de pulls tricot\u00e9s, ces poufs pr\u00e9sentent des formes organiques g\u00e9n\u00e9reuses et une texture riche, \u00e0 la crois\u00e9e de l\u2019artisanat et du design contemporain.<\/p>\n<p>Con\u00e7us pour l\u2019ext\u00e9rieur semi-abrit\u00e9, ils sont r\u00e9alis\u00e9s \u00e0 la main en\u00a0PET 100 % recycl\u00e9, une fibre robuste et \u00e9coresponsable. Leur rembourrage sp\u00e9cifique leur permet de r\u00e9sister aux conditions ext\u00e9rieures tout en offrant une assise moelleuse et accueillante. Les poufs se d\u00e9clinent en plusieurs ambiances chromatiques qui peuvent \u00eatre combin\u00e9es entre elles :<\/p>\n<p>Multicolour, aux teintes vives et contrast\u00e9es,<br \/>\nMultinatural, plus douce et min\u00e9rale;<br \/>\nbicolor bleu-gris, blanc-gris et brun-gris.<\/p>\n<p>Chaque mod\u00e8le s\u2019accorde avec les tapis et modules de la collection pour composer des configurations\u00a0modulables et reconfigurables, id\u00e9ales pour cr\u00e9er un salon ext\u00e9rieur graphique et confortable. Un design durable, tactile et expressif, fid\u00e8le \u00e0 l\u2019esprit\u00a0GAN Rugs.<\/p>\n","protected":false},"excerpt":{"rendered":"<p>Les poufs Mangas Outdoor\u00a0sign\u00e9s\u00a0Patricia Urquiola\u00a0r\u00e9inventent le confort en plein air avec la m\u00eame audace textile qui a fait le succ\u00e8s de la collection originale. Inspir\u00e9s des manches de pulls tricot\u00e9s, ces poufs pr\u00e9sentent des formes organiques g\u00e9n\u00e9reuses et une texture riche, \u00e0 la crois\u00e9e de l\u2019artisanat et du design contemporain. Con\u00e7us pour l\u2019ext\u00e9rieur semi-abrit\u00e9, ils [&hellip;]<\/p>\n","protected":false},"featured_media":34510,"comment_status":"open","ping_status":"closed","template":"","meta":{"_acf_changed":false},"product_brand":[],"product_cat":[1519,139,155],"product_tag":[1746],"class_list":{"0":"post-35724","1":"product","2":"type-product","3":"status-publish","4":"has-post-thumbnail","6":"product_cat-fauteuil-outdoor-en","7":"product_cat-floor-cushion","8":"product_cat-outdoor","9":"product_tag-gan-rugs-en","11":"first","12":"instock","13":"sale","14":"shipping-taxable","15":"purchasable","16":"product-type-variable"},"acf":[],"_links":{"self":[{"href":"https:\/\/www.sisudesign.be\/en\/wp-json\/wp\/v2\/product\/35724","targetHints":{"allow":["GET"]}}],"collection":[{"href":"https:\/\/www.sisudesign.be\/en\/wp-json\/wp\/v2\/product"}],"about":[{"href":"https:\/\/www.sisudesign.be\/en\/wp-json\/wp\/v2\/types\/product"}],"replies":[{"embeddable":true,"href":"https:\/\/www.sisudesign.be\/en\/wp-json\/wp\/v2\/comments?post=35724"}],"wp:featuredmedia":[{"embeddable":true,"href":"https:\/\/www.sisudesign.be\/en\/wp-json\/wp\/v2\/media\/34510"}],"wp:attachment":[{"href":"https:\/\/www.sisudesign.be\/en\/wp-json\/wp\/v2\/media?parent=35724"}],"wp:term":[{"taxonomy":"product_brand","embeddable":true,"href":"https:\/\/www.sisudesign.be\/en\/wp-json\/wp\/v2\/product_brand?post=35724"},{"taxonomy":"product_cat","embeddable":true,"href":"https:\/\/www.sisudesign.be\/en\/wp-json\/wp\/v2\/product_cat?post=35724"},{"taxonomy":"product_tag","embeddable":true,"href":"https:\/\/www.sisudesign.be\/en\/wp-json\/wp\/v2\/product_tag?post=35724"}],"curies":[{"name":"wp","href":"https:\/\/api.w.org\/{rel}","templated":true}]}}