{"id":35756,"date":"2025-09-07T23:00:02","date_gmt":"2025-09-07T21:00:02","guid":{"rendered":"https:\/\/www.sisudesign.be\/product\/rebus-system-desalto"},"modified":"2026-02-07T16:50:43","modified_gmt":"2026-02-07T15:50:43","slug":"rebus-system-desalto","status":"publish","type":"product","link":"https:\/\/www.sisudesign.be\/en\/product\/rebus-system-desalto","title":{"rendered":"Rebus"},"content":{"rendered":"<p class=\"\" data-start=\"198\" data-end=\"355\"><span class=\"relative -mx-px my-[-0.2rem] rounded px-px py-[0.2rem] transition-colors duration-100 ease-in-out\">Inspir\u00e9e de l\u2019univers du jeu vid\u00e9o, la biblioth\u00e8que <strong data-start=\"52\" data-end=\"61\">Rebus<\/strong> de <strong data-start=\"65\" data-end=\"76\">Desalto<\/strong> r\u00e9invente le rangement en une \u0153uvre graphique et modulaire.<\/span> <span class=\"relative -mx-px my-[-0.2rem] rounded px-px py-[0.2rem] transition-colors duration-100 ease-in-out\">Con\u00e7ue par Francesco Rota, cette collection de modules en m\u00e9tal peint de 3 mm d\u2019\u00e9paisseur s\u2019assemble sans vis ni outils, gr\u00e2ce \u00e0 un ing\u00e9nieux syst\u00e8me d\u2019aimants discrets.<\/span> <span class=\"relative -mx-px my-[-0.2rem] rounded px-px py-[0.2rem] transition-colors duration-100 ease-in-out\">R\u00e9sultat : une structure stable, \u00e9volutive et sans contraintes.<\/span>\u200b<\/p>\n<p class=\"\" data-start=\"357\" data-end=\"807\">Les \u00e9l\u00e9ments, aux formes g\u00e9om\u00e9triques vari\u00e9es (carr\u00e9, rectangle, L, Z), s\u2019empilent et s\u2019orientent librement pour cr\u00e9er des compositions uniques, du meuble bas discret \u00e0 la sculpture murale expressive. Avec une palette de finitions mates allant du blanc au bleu outremer, en passant par le vert for\u00eat ou le rouille, Rebus s\u2019int\u00e8gre aussi bien dans un salon contemporain que dans un espace professionnel.\u200b<\/p>\n<p class=\"\" data-start=\"809\" data-end=\"987\">Plus qu\u2019un syst\u00e8me de rangement, Rebus est une pi\u00e8ce de design modulaire qui allie fonctionnalit\u00e9, esth\u00e9tique et libert\u00e9 cr\u00e9ative.\u200b<\/p>\n<p data-start=\"809\" data-end=\"987\">Pour le choix des finitions, veuillez consulter la <a href=\"https:\/\/www.sisudesign.be\/wp-content\/uploads\/2025\/04\/Rebus.pdf\">fiche des finitions disponibles<\/a>.<\/p>\n<p data-start=\"809\" data-end=\"987\">Nous vous proposons ici 5 des 17 finitions disponibles. Vous souhaiteriez une autre finition que celles propos\u00e9es? Pas de probl\u00e8me! Contactez nous par e-mail. Il n&#8217;y a pas de diff\u00e9rence de prix.<\/p>\n<p data-start=\"809\" data-end=\"987\">Pour vous aider \u00e0 s\u00e9lectionner votre composition, veuillez vous r\u00e9f\u00e9rez \u00e0 les <a href=\"https:\/\/www.sisudesign.be\/wp-content\/uploads\/2025\/04\/Desalto_IDM_24_Rebus.pdf\">instructions de montage<\/a> (pp. 3 \u00e0 9).<\/p>\n<p data-start=\"809\" data-end=\"987\">\n","protected":false},"excerpt":{"rendered":"<p>Inspir\u00e9e de l\u2019univers du jeu vid\u00e9o, la biblioth\u00e8que Rebus de Desalto r\u00e9invente le rangement en une \u0153uvre graphique et modulaire. Con\u00e7ue par Francesco Rota, cette collection de modules en m\u00e9tal peint de 3 mm d\u2019\u00e9paisseur s\u2019assemble sans vis ni outils, gr\u00e2ce \u00e0 un ing\u00e9nieux syst\u00e8me d\u2019aimants discrets. R\u00e9sultat : une structure stable, \u00e9volutive et sans [&hellip;]<\/p>\n","protected":false},"featured_media":34216,"comment_status":"open","ping_status":"closed","template":"","meta":{"_acf_changed":false},"product_brand":[],"product_cat":[2114,162,141],"product_tag":[1263],"class_list":{"0":"post-35756","1":"product","2":"type-product","3":"status-publish","4":"has-post-thumbnail","6":"product_cat-desalto","7":"product_cat-furniture","8":"product_cat-storage-unit","9":"product_tag-desalto-en","11":"first","12":"instock","13":"shipping-taxable","14":"purchasable","15":"product-type-variable"},"acf":[],"_links":{"self":[{"href":"https:\/\/www.sisudesign.be\/en\/wp-json\/wp\/v2\/product\/35756","targetHints":{"allow":["GET"]}}],"collection":[{"href":"https:\/\/www.sisudesign.be\/en\/wp-json\/wp\/v2\/product"}],"about":[{"href":"https:\/\/www.sisudesign.be\/en\/wp-json\/wp\/v2\/types\/product"}],"replies":[{"embeddable":true,"href":"https:\/\/www.sisudesign.be\/en\/wp-json\/wp\/v2\/comments?post=35756"}],"wp:featuredmedia":[{"embeddable":true,"href":"https:\/\/www.sisudesign.be\/en\/wp-json\/wp\/v2\/media\/34216"}],"wp:attachment":[{"href":"https:\/\/www.sisudesign.be\/en\/wp-json\/wp\/v2\/media?parent=35756"}],"wp:term":[{"taxonomy":"product_brand","embeddable":true,"href":"https:\/\/www.sisudesign.be\/en\/wp-json\/wp\/v2\/product_brand?post=35756"},{"taxonomy":"product_cat","embeddable":true,"href":"https:\/\/www.sisudesign.be\/en\/wp-json\/wp\/v2\/product_cat?post=35756"},{"taxonomy":"product_tag","embeddable":true,"href":"https:\/\/www.sisudesign.be\/en\/wp-json\/wp\/v2\/product_tag?post=35756"}],"curies":[{"name":"wp","href":"https:\/\/api.w.org\/{rel}","templated":true}]}}