{"id":35875,"date":"2025-02-27T20:39:28","date_gmt":"2025-02-27T19:39:28","guid":{"rendered":"https:\/\/www.sisudesign.be\/product\/canape-cozy-atemporal-ethical-home"},"modified":"2025-05-23T21:32:00","modified_gmt":"2025-05-23T19:32:00","slug":"cozy-sofa-atemporal-ethical-home","status":"publish","type":"product","link":"https:\/\/www.sisudesign.be\/en\/product\/cozy-sofa-atemporal-ethical-home","title":{"rendered":"Cozy"},"content":{"rendered":"<p data-start=\"48\" data-end=\"452\">Lightweight, comfortable, and elegantly minimalist, the <strong>Cozy<\/strong> sofa captures the essence of warm minimalism. Designed by <em data-start=\"171\" data-end=\"197\">Atemporal Home Interiors<\/em>, this model stands out with its seamless seat \u2014 free of separate cushions \u2014 creating a refined and cohesive silhouette. Its high-resilience polyurethane structure ensures strength, lightness, and long-lasting comfort without losing its shape over time.<\/p>\n<p data-start=\"454\" data-end=\"699\">The <strong data-start=\"458\" data-end=\"482\">Cozy Casa collection<\/strong> includes sofas, armchairs, poufs, corner modules, and chaise longues, with or without armrests. Each piece is fully customizable in <strong data-start=\"615\" data-end=\"643\">over 500 premium fabrics<\/strong>, allowing seamless integration into any interior style.<\/p>\n<p data-start=\"701\" data-end=\"924\">Committed to ethical and eco-conscious design, <strong data-start=\"748\" data-end=\"761\">Atemporal<\/strong> creates furniture that blends aesthetics, functionality, and environmental responsibility. <em data-start=\"853\" data-end=\"859\">Cozy<\/em> is the perfect balance of comfort, elegance, and sustainability.<\/p>\n<p data-start=\"926\" data-end=\"971\">Available in <strong data-start=\"939\" data-end=\"961\">indoor and outdoor<\/strong> versions.<\/p>\n<ul data-start=\"973\" data-end=\"1115\">\n<li data-start=\"973\" data-end=\"1015\">\n<p data-start=\"975\" data-end=\"1015\"><strong data-start=\"975\" data-end=\"985\">Cozy S<\/strong> has a seat height of 35 cm.<\/p>\n<\/li>\n<li data-start=\"1016\" data-end=\"1058\">\n<p data-start=\"1018\" data-end=\"1058\"><strong data-start=\"1018\" data-end=\"1028\">Cozy L<\/strong> has a seat height of 45 cm.<\/p>\n<\/li>\n<li data-start=\"1059\" data-end=\"1084\">\n<p data-start=\"1061\" data-end=\"1084\">Not removable covers.<\/p>\n<\/li>\n<li data-start=\"1085\" data-end=\"1115\">\n<p data-start=\"1087\" data-end=\"1115\">Prices available on request.<\/p>\n<\/li>\n<\/ul>\n<p data-start=\"1117\" data-end=\"1172\"><strong data-start=\"1117\" data-end=\"1172\">Examples of models and starting prices (incl. VAT):<\/strong><\/p>\n<ul data-start=\"1174\" data-end=\"1518\" data-is-last-node=\"\" data-is-only-node=\"\">\n<li data-start=\"1174\" data-end=\"1249\">\n<p data-start=\"1176\" data-end=\"1249\"><strong data-start=\"1176\" data-end=\"1193\">Armchair CZ1S<\/strong> (W 85 x D 95 x H 70 cm, without armrest): from \u20ac1,166<\/p>\n<\/li>\n<li data-start=\"1250\" data-end=\"1299\">\n<p data-start=\"1252\" data-end=\"1299\"><strong data-start=\"1252\" data-end=\"1266\">Pouf CZ23S<\/strong> (80 x 60 x H 35 cm): from \u20ac912<\/p>\n<\/li>\n<li data-start=\"1300\" data-end=\"1372\">\n<p data-start=\"1302\" data-end=\"1372\"><strong data-start=\"1302\" data-end=\"1315\">Sofa CZ2S<\/strong> (W 165 x D 95 x H 70 cm, without armrest): from \u20ac2,051<\/p>\n<\/li>\n<li data-start=\"1373\" data-end=\"1446\">\n<p data-start=\"1375\" data-end=\"1446\"><strong data-start=\"1375\" data-end=\"1389\">Sofa CZ17S<\/strong> (W 160 x D 95 x H 70 cm, with 2 armrests): from \u20ac2,472<\/p>\n<\/li>\n<li data-start=\"1447\" data-end=\"1518\" data-is-last-node=\"\">\n<p data-start=\"1449\" data-end=\"1518\" data-is-last-node=\"\"><strong data-start=\"1449\" data-end=\"1463\">Sofa CZ18S<\/strong> (W 230 x D 95 x H 70 cm, with 2 armrests): from \u20ac3,021<\/p>\n<\/li>\n<\/ul>\n","protected":false},"excerpt":{"rendered":"<p>Le canap\u00e9\/fauteuil <strong data-start=\"10\" data-end=\"23\">Cozy <\/strong>d&#8217;Atemporal allie l\u00e9g\u00e8ret\u00e9, confort irr\u00e9prochable et design moderne, tout en \u00e9tant durable et en respectant l&#8217;environnement.<\/p>\n<p>&nbsp;<\/p>\n","protected":false},"featured_media":27761,"comment_status":"open","ping_status":"closed","template":"","meta":{"_acf_changed":false},"product_brand":[],"product_cat":[137,148,138,130],"product_tag":[1480],"class_list":{"0":"post-35875","1":"product","2":"type-product","3":"status-publish","4":"has-post-thumbnail","6":"product_cat-armchair","7":"product_cat-in-store-now","8":"product_cat-news","9":"product_cat-sofa","10":"product_tag-atemporal-en","12":"first","13":"instock","14":"shipping-taxable","15":"purchasable","16":"product-type-simple"},"acf":[],"_links":{"self":[{"href":"https:\/\/www.sisudesign.be\/en\/wp-json\/wp\/v2\/product\/35875","targetHints":{"allow":["GET"]}}],"collection":[{"href":"https:\/\/www.sisudesign.be\/en\/wp-json\/wp\/v2\/product"}],"about":[{"href":"https:\/\/www.sisudesign.be\/en\/wp-json\/wp\/v2\/types\/product"}],"replies":[{"embeddable":true,"href":"https:\/\/www.sisudesign.be\/en\/wp-json\/wp\/v2\/comments?post=35875"}],"wp:featuredmedia":[{"embeddable":true,"href":"https:\/\/www.sisudesign.be\/en\/wp-json\/wp\/v2\/media\/27761"}],"wp:attachment":[{"href":"https:\/\/www.sisudesign.be\/en\/wp-json\/wp\/v2\/media?parent=35875"}],"wp:term":[{"taxonomy":"product_brand","embeddable":true,"href":"https:\/\/www.sisudesign.be\/en\/wp-json\/wp\/v2\/product_brand?post=35875"},{"taxonomy":"product_cat","embeddable":true,"href":"https:\/\/www.sisudesign.be\/en\/wp-json\/wp\/v2\/product_cat?post=35875"},{"taxonomy":"product_tag","embeddable":true,"href":"https:\/\/www.sisudesign.be\/en\/wp-json\/wp\/v2\/product_tag?post=35875"}],"curies":[{"name":"wp","href":"https:\/\/api.w.org\/{rel}","templated":true}]}}