{"id":41362,"date":"2025-09-29T19:43:21","date_gmt":"2025-09-29T17:43:21","guid":{"rendered":"https:\/\/www.sisudesign.be\/product\/table-carlina-rectangular-bd-barcelona-2"},"modified":"2026-02-04T21:23:05","modified_gmt":"2026-02-04T20:23:05","slug":"table-carlina-rectangular-bd-barcelona-2","status":"publish","type":"product","link":"https:\/\/www.sisudesign.be\/en\/product\/table-carlina-rectangular-bd-barcelona-2","title":{"rendered":"Carlina (rectangular)"},"content":{"rendered":"<p data-start=\"137\" data-end=\"599\">La <strong data-start=\"140\" data-end=\"171\">table Carlina (rectangular)<\/strong> de BD Barcelona, dessin\u00e9e par Oscar Tusquets Blanca, est une fusion saisissante de force et de po\u00e9sie. Son plateau en verre tremp\u00e9 fum\u00e9, d\u2019une \u00e9l\u00e9gance a\u00e9rienne, repose sur une structure sculpturale en fr\u00eane massif noir profond certifi\u00e9 FSC. Les pieds, presque anthropomorphes dans leur mouvement, semblent se plier et s\u2019entrelacer comme des formes vivantes, conf\u00e9rant \u00e0 la table une pr\u00e9sence \u00e0 la fois puissante et raffin\u00e9e.<\/p>\n<p data-start=\"601\" data-end=\"1067\">Pi\u00e8ce manifeste, id\u00e9ale aussi bien pour des repas conviviaux que pour des r\u00e9ceptions sophistiqu\u00e9es, la Carlina Rectangulaire s\u2019int\u00e8gre harmonieusement dans les int\u00e9rieurs contemporains haut de gamme. Le dialogue entre la transparence du verre et la solidit\u00e9 du bois cr\u00e9e une tension visuelle audacieuse, sublim\u00e9e par la puret\u00e9 de sa forme rectangulaire. Chaque table est fabriqu\u00e9e \u00e0 la main, garantissant une finition impeccable et un caract\u00e8re unique et exclusif.<\/p>\n<p data-start=\"1069\" data-end=\"1234\">Plus qu\u2019un simple meuble, la Carlina Rectangulaire est un objet de design intemporel qui transforme toute salle \u00e0 manger en un espace d\u2019\u00e9l\u00e9gance et de distinction.<\/p>\n<p data-start=\"977\" data-end=\"1130\">\n","protected":false},"excerpt":{"rendered":"<p>La table Carlina (rectangular) de BD Barcelona, dessin\u00e9e par Oscar Tusquets Blanca, est une fusion saisissante de force et de po\u00e9sie. Son plateau en verre tremp\u00e9 fum\u00e9, d\u2019une \u00e9l\u00e9gance a\u00e9rienne, repose sur une structure sculpturale en fr\u00eane massif noir profond certifi\u00e9 FSC. Les pieds, presque anthropomorphes dans leur mouvement, semblent se plier et s\u2019entrelacer comme [&hellip;]<\/p>\n","protected":false},"featured_media":41343,"comment_status":"open","ping_status":"closed","template":"","meta":{"_acf_changed":false},"product_brand":[],"product_cat":[133],"product_tag":[115],"class_list":{"0":"post-41362","1":"product","2":"type-product","3":"status-publish","4":"has-post-thumbnail","6":"product_cat-table","7":"product_tag-bd-barcelona-design-en","9":"first","10":"instock","11":"shipping-taxable","12":"purchasable","13":"product-type-variable"},"acf":[],"_links":{"self":[{"href":"https:\/\/www.sisudesign.be\/en\/wp-json\/wp\/v2\/product\/41362","targetHints":{"allow":["GET"]}}],"collection":[{"href":"https:\/\/www.sisudesign.be\/en\/wp-json\/wp\/v2\/product"}],"about":[{"href":"https:\/\/www.sisudesign.be\/en\/wp-json\/wp\/v2\/types\/product"}],"replies":[{"embeddable":true,"href":"https:\/\/www.sisudesign.be\/en\/wp-json\/wp\/v2\/comments?post=41362"}],"wp:featuredmedia":[{"embeddable":true,"href":"https:\/\/www.sisudesign.be\/en\/wp-json\/wp\/v2\/media\/41343"}],"wp:attachment":[{"href":"https:\/\/www.sisudesign.be\/en\/wp-json\/wp\/v2\/media?parent=41362"}],"wp:term":[{"taxonomy":"product_brand","embeddable":true,"href":"https:\/\/www.sisudesign.be\/en\/wp-json\/wp\/v2\/product_brand?post=41362"},{"taxonomy":"product_cat","embeddable":true,"href":"https:\/\/www.sisudesign.be\/en\/wp-json\/wp\/v2\/product_cat?post=41362"},{"taxonomy":"product_tag","embeddable":true,"href":"https:\/\/www.sisudesign.be\/en\/wp-json\/wp\/v2\/product_tag?post=41362"}],"curies":[{"name":"wp","href":"https:\/\/api.w.org\/{rel}","templated":true}]}}