{"id":41448,"date":"2025-09-30T10:08:34","date_gmt":"2025-09-30T08:08:34","guid":{"rendered":"https:\/\/www.sisudesign.be\/product\/chaise-gaulino-bd-barcelona"},"modified":"2025-10-31T08:06:03","modified_gmt":"2025-10-31T07:06:03","slug":"chaise-gaulino-bd-barcelona","status":"publish","type":"product","link":"https:\/\/www.sisudesign.be\/en\/product\/chaise-gaulino-bd-barcelona","title":{"rendered":"Gaulino"},"content":{"rendered":"<p>Cr\u00e9\u00e9e en 1987 par Oscar Tusquets Blanca, la <strong data-start=\"322\" data-end=\"340\">chaise Gaulino<\/strong> est une ic\u00f4ne du design contemporain espagnol. Inspir\u00e9e de l\u2019univers organique d\u2019Antoni Gaud\u00ed et de la rigueur de Carlo Mollino, elle marie tradition artisanale et modernit\u00e9. Sa structure en bois massif sculpt\u00e9 r\u00e9v\u00e8le des lignes fluides et dynamiques, tandis que l\u2019assise et le dossier en cuir offrent confort et \u00e9l\u00e9gance intemporelle. V\u00e9ritable \u0153uvre d\u2019art fonctionnelle, la Gaulino s\u00e9duit par son allure sculpturale et sa l\u00e9g\u00e8ret\u00e9 visuelle. Elle s\u2019int\u00e8gre aussi bien dans une salle \u00e0 manger raffin\u00e9e que dans un espace professionnel de prestige. Plus qu\u2019une simple chaise, elle incarne le savoir-faire d\u2019exception de BD Barcelona et affirme un style unique, entre po\u00e9sie et ma\u00eetrise technique.<\/p>\n","protected":false},"excerpt":{"rendered":"<p>Cr\u00e9\u00e9e en 1987 par Oscar Tusquets Blanca, la chaise Gaulino est une ic\u00f4ne du design contemporain espagnol. Inspir\u00e9e de l\u2019univers organique d\u2019Antoni Gaud\u00ed et de la rigueur de Carlo Mollino, elle marie tradition artisanale et modernit\u00e9. Sa structure en bois massif sculpt\u00e9 r\u00e9v\u00e8le des lignes fluides et dynamiques, tandis que l\u2019assise et le dossier en [&hellip;]<\/p>\n","protected":false},"featured_media":41433,"comment_status":"open","ping_status":"closed","template":"","meta":{"_acf_changed":false},"product_brand":[],"product_cat":[132,162],"product_tag":[115],"class_list":{"0":"post-41448","1":"product","2":"type-product","3":"status-publish","4":"has-post-thumbnail","6":"product_cat-chair","7":"product_cat-furniture","8":"product_tag-bd-barcelona-design-en","10":"first","11":"instock","12":"shipping-taxable","13":"purchasable","14":"product-type-variable"},"acf":[],"_links":{"self":[{"href":"https:\/\/www.sisudesign.be\/en\/wp-json\/wp\/v2\/product\/41448","targetHints":{"allow":["GET"]}}],"collection":[{"href":"https:\/\/www.sisudesign.be\/en\/wp-json\/wp\/v2\/product"}],"about":[{"href":"https:\/\/www.sisudesign.be\/en\/wp-json\/wp\/v2\/types\/product"}],"replies":[{"embeddable":true,"href":"https:\/\/www.sisudesign.be\/en\/wp-json\/wp\/v2\/comments?post=41448"}],"wp:featuredmedia":[{"embeddable":true,"href":"https:\/\/www.sisudesign.be\/en\/wp-json\/wp\/v2\/media\/41433"}],"wp:attachment":[{"href":"https:\/\/www.sisudesign.be\/en\/wp-json\/wp\/v2\/media?parent=41448"}],"wp:term":[{"taxonomy":"product_brand","embeddable":true,"href":"https:\/\/www.sisudesign.be\/en\/wp-json\/wp\/v2\/product_brand?post=41448"},{"taxonomy":"product_cat","embeddable":true,"href":"https:\/\/www.sisudesign.be\/en\/wp-json\/wp\/v2\/product_cat?post=41448"},{"taxonomy":"product_tag","embeddable":true,"href":"https:\/\/www.sisudesign.be\/en\/wp-json\/wp\/v2\/product_tag?post=41448"}],"curies":[{"name":"wp","href":"https:\/\/api.w.org\/{rel}","templated":true}]}}