{"id":46486,"date":"2026-02-19T00:46:30","date_gmt":"2026-02-18T23:46:30","guid":{"rendered":"https:\/\/www.sisudesign.be\/produit\/thot-gueridon-ligne-roset-2"},"modified":"2026-03-15T07:48:23","modified_gmt":"2026-03-15T06:48:23","slug":"thot-gueridon-ligne-roset","status":"publish","type":"product","link":"https:\/\/www.sisudesign.be\/en\/product\/thot-gueridon-ligne-roset","title":{"rendered":"Thot"},"content":{"rendered":"<p data-start=\"118\" data-end=\"497\">Le <strong data-start=\"121\" data-end=\"138\">gu\u00e9ridon Thot<\/strong> est une cr\u00e9ation \u00e9l\u00e9gante et sculpturale imagin\u00e9e par le designer fran\u00e7ais <strong data-start=\"214\" data-end=\"255\"><span class=\"hover:entity-accent entity-underline inline cursor-pointer align-baseline\"><span class=\"whitespace-normal\">Pierre Paulin<\/span><\/span><\/strong> pour la prestigieuse maison <strong data-start=\"284\" data-end=\"325\"><span class=\"hover:entity-accent entity-underline inline cursor-pointer align-baseline\"><span class=\"whitespace-normal\">Ligne Roset<\/span><\/span><\/strong>. \u00c0 la crois\u00e9e du design et de l\u2019architecture, cette table d\u2019appoint se distingue par sa silhouette graphique et son \u00e9quilibre parfait entre l\u00e9g\u00e8ret\u00e9 visuelle et stabilit\u00e9.<\/p>\n<p data-start=\"499\" data-end=\"798\">Inspir\u00e9 par les formes g\u00e9om\u00e9triques et les volumes minimalistes chers \u00e0 Pierre Paulin, le gu\u00e9ridon Thot repose sur une base structur\u00e9e qui lui conf\u00e8re une pr\u00e9sence discr\u00e8te mais raffin\u00e9e. Son plateau \u00e9l\u00e9gant en fait une table id\u00e9ale pour accueillir un livre, une lampe ou quelques objets d\u00e9coratifs.<\/p>\n<p data-start=\"800\" data-end=\"1042\">Polyvalent et intemporel, le gu\u00e9ridon Thot trouve naturellement sa place \u00e0 c\u00f4t\u00e9 d\u2019un canap\u00e9, d\u2019un fauteuil ou dans un espace lounge contemporain. Sa conception soign\u00e9e et ses mat\u00e9riaux de qualit\u00e9 refl\u00e8tent tout le savoir-faire de Ligne Roset.<\/p>\n<p data-start=\"1044\" data-end=\"1159\">\u00c0 la fois fonctionnel et d\u00e9coratif, ce gu\u00e9ridon design apporte une touche d\u2019\u00e9l\u00e9gance \u00e0 tout int\u00e9rieur contemporain.<\/p>\n<p data-start=\"1161\" data-end=\"1383\"><strong data-start=\"1161\" data-end=\"1204\">Sisu est revendeur officiel Ligne Roset \u00e0 Bruxelles. <\/strong>\u00a0Le magasin est facile d&#8217;acc\u00e8s \u00e0 partir des Brabant et flamand. N&#8217;h\u00e9sitez pas \u00e0 nous rendre visite!<\/p>\n","protected":false},"excerpt":{"rendered":"<p>Le gu\u00e9ridon Thot est une cr\u00e9ation \u00e9l\u00e9gante et sculpturale imagin\u00e9e par le designer fran\u00e7ais Pierre Paulin pour la prestigieuse maison Ligne Roset. \u00c0 la crois\u00e9e du design et de l\u2019architecture, cette table d\u2019appoint se distingue par sa silhouette graphique et son \u00e9quilibre parfait entre l\u00e9g\u00e8ret\u00e9 visuelle et stabilit\u00e9. Inspir\u00e9 par les formes g\u00e9om\u00e9triques et les [&hellip;]<\/p>\n","protected":false},"featured_media":46475,"comment_status":"open","ping_status":"closed","template":"","meta":{"_acf_changed":false},"product_brand":[],"product_cat":[2197,1512],"product_tag":[2082],"class_list":{"0":"post-46486","1":"product","2":"type-product","3":"status-publish","4":"has-post-thumbnail","6":"product_cat-ligne-roset-2","7":"product_cat-table-basse-mobilier-en","8":"product_tag-ligne-roset","10":"first","11":"instock","12":"shipping-taxable","13":"purchasable","14":"product-type-simple"},"acf":[],"_links":{"self":[{"href":"https:\/\/www.sisudesign.be\/en\/wp-json\/wp\/v2\/product\/46486","targetHints":{"allow":["GET"]}}],"collection":[{"href":"https:\/\/www.sisudesign.be\/en\/wp-json\/wp\/v2\/product"}],"about":[{"href":"https:\/\/www.sisudesign.be\/en\/wp-json\/wp\/v2\/types\/product"}],"replies":[{"embeddable":true,"href":"https:\/\/www.sisudesign.be\/en\/wp-json\/wp\/v2\/comments?post=46486"}],"wp:featuredmedia":[{"embeddable":true,"href":"https:\/\/www.sisudesign.be\/en\/wp-json\/wp\/v2\/media\/46475"}],"wp:attachment":[{"href":"https:\/\/www.sisudesign.be\/en\/wp-json\/wp\/v2\/media?parent=46486"}],"wp:term":[{"taxonomy":"product_brand","embeddable":true,"href":"https:\/\/www.sisudesign.be\/en\/wp-json\/wp\/v2\/product_brand?post=46486"},{"taxonomy":"product_cat","embeddable":true,"href":"https:\/\/www.sisudesign.be\/en\/wp-json\/wp\/v2\/product_cat?post=46486"},{"taxonomy":"product_tag","embeddable":true,"href":"https:\/\/www.sisudesign.be\/en\/wp-json\/wp\/v2\/product_tag?post=46486"}],"curies":[{"name":"wp","href":"https:\/\/api.w.org\/{rel}","templated":true}]}}