{"id":48396,"date":"2025-12-07T19:14:08","date_gmt":"2025-12-07T18:14:08","guid":{"rendered":"https:\/\/www.sisudesign.be\/produit\/candela-03-bordeaux-jaune-serax"},"modified":"2026-04-04T12:22:36","modified_gmt":"2026-04-04T10:22:36","slug":"candela-03-bordeaux-jaune-serax","status":"publish","type":"product","link":"https:\/\/www.sisudesign.be\/en\/product\/candela-03-bordeaux-jaune-serax","title":{"rendered":"Candela 03 (Bordeaux-jaune)"},"content":{"rendered":"<p>La bougie parfum\u00e9e <strong data-start=\"236\" data-end=\"250\">Candela 03<\/strong>\u00a0de <strong data-start=\"254\" data-end=\"272\">Plan C x Serax<\/strong> diffuse un parfum aux notes <strong data-start=\"438\" data-end=\"463\">aromatiques et herbac\u00e9es (<\/strong>bergamote, basilic et patchouli) qui apportent chaleur et caract\u00e8re \u00e0 l\u2019int\u00e9rieur. Coul\u00e9e dans un contenant en c\u00e9ramique aux lignes graphiques, elle devient un v\u00e9ritable objet design m\u00eame lorsqu\u2019elle n\u2019est pas allum\u00e9e. Une cr\u00e9ation raffin\u00e9e qui enveloppe l\u2019espace d\u2019une ambiance cosy et sophistiqu\u00e9e. Couleurs du contenant : Bordeaux &#8211; blanc &#8211; jaune.<\/p>\n","protected":false},"excerpt":{"rendered":"<p>La bougie parfum\u00e9e Candela 03\u00a0de Plan C x Serax diffuse un parfum aux notes aromatiques et herbac\u00e9es (bergamote, basilic et patchouli) qui apportent chaleur et caract\u00e8re \u00e0 l\u2019int\u00e9rieur. Coul\u00e9e dans un contenant en c\u00e9ramique aux lignes graphiques, elle devient un v\u00e9ritable objet design m\u00eame lorsqu\u2019elle n\u2019est pas allum\u00e9e. Une cr\u00e9ation raffin\u00e9e qui enveloppe l\u2019espace d\u2019une [&hellip;]<\/p>\n","protected":false},"featured_media":43125,"comment_status":"open","ping_status":"closed","template":"","meta":{"_acf_changed":false},"product_brand":[],"product_cat":[167],"product_tag":[153],"class_list":{"0":"post-48396","1":"product","2":"type-product","3":"status-publish","4":"has-post-thumbnail","6":"product_cat-candle","7":"product_tag-serax-en","9":"first","10":"instock","11":"shipping-taxable","12":"purchasable","13":"product-type-variable"},"acf":[],"_links":{"self":[{"href":"https:\/\/www.sisudesign.be\/en\/wp-json\/wp\/v2\/product\/48396","targetHints":{"allow":["GET"]}}],"collection":[{"href":"https:\/\/www.sisudesign.be\/en\/wp-json\/wp\/v2\/product"}],"about":[{"href":"https:\/\/www.sisudesign.be\/en\/wp-json\/wp\/v2\/types\/product"}],"replies":[{"embeddable":true,"href":"https:\/\/www.sisudesign.be\/en\/wp-json\/wp\/v2\/comments?post=48396"}],"wp:featuredmedia":[{"embeddable":true,"href":"https:\/\/www.sisudesign.be\/en\/wp-json\/wp\/v2\/media\/43125"}],"wp:attachment":[{"href":"https:\/\/www.sisudesign.be\/en\/wp-json\/wp\/v2\/media?parent=48396"}],"wp:term":[{"taxonomy":"product_brand","embeddable":true,"href":"https:\/\/www.sisudesign.be\/en\/wp-json\/wp\/v2\/product_brand?post=48396"},{"taxonomy":"product_cat","embeddable":true,"href":"https:\/\/www.sisudesign.be\/en\/wp-json\/wp\/v2\/product_cat?post=48396"},{"taxonomy":"product_tag","embeddable":true,"href":"https:\/\/www.sisudesign.be\/en\/wp-json\/wp\/v2\/product_tag?post=48396"}],"curies":[{"name":"wp","href":"https:\/\/api.w.org\/{rel}","templated":true}]}}