{"id":48919,"date":"2026-04-12T22:27:16","date_gmt":"2026-04-12T20:27:16","guid":{"rendered":"https:\/\/www.sisudesign.be\/produit\/table-de-chevet-piantama-mogg"},"modified":"2026-04-12T22:27:16","modified_gmt":"2026-04-12T20:27:16","slug":"table-de-chevet-piantama-mogg","status":"publish","type":"product","link":"https:\/\/www.sisudesign.be\/en\/product\/table-de-chevet-piantama-mogg","title":{"rendered":"Piantama"},"content":{"rendered":"<p data-start=\"260\" data-end=\"501\">Imagin\u00e9e par Marcantonio, la Piantama incarne une rencontre audacieuse entre nature et design industriel. \u00c0 la fois table d\u2019appoint et lampe, cette pi\u00e8ce hybride se distingue par son concept original et sa forte pr\u00e9sence sculpturale.<\/p>\n<p data-start=\"503\" data-end=\"801\">R\u00e9alis\u00e9e \u00e0 partir d\u2019un tronc en bois massif, Piantama conserve l\u2019authenticit\u00e9 et les irr\u00e9gularit\u00e9s du mat\u00e9riau naturel, contrastant avec la pr\u00e9cision graphique de sa lampe \u00e0 pantographe en m\u00e9tal. Ce dialogue entre brut et industriel cr\u00e9e un objet unique, \u00e0 mi-chemin entre mobilier et installation.<\/p>\n<p data-start=\"803\" data-end=\"999\">Disponible en finition noire ou blanche pour la lampe, Piantama s\u2019int\u00e8gre aussi bien dans un int\u00e9rieur contemporain que dans un univers plus \u00e9clectique, apportant une touche artistique et d\u00e9cal\u00e9e.<\/p>\n<p data-start=\"1001\" data-end=\"1146\">Parfaite en bout de canap\u00e9, en lampe d\u2019appoint ou en \u00e9l\u00e9ment d\u00e9coratif, elle attire imm\u00e9diatement le regard et structure l\u2019espace avec caract\u00e8re.<\/p>\n<p data-start=\"1148\" data-end=\"1217\">Disponible sur sisudesign.be, revendeur officiel de MOGG en Belgique.<\/p>\n","protected":false},"excerpt":{"rendered":"<p>Imagin\u00e9e par Marcantonio, la Piantama incarne une rencontre audacieuse entre nature et design industriel. \u00c0 la fois table d\u2019appoint et lampe, cette pi\u00e8ce hybride se distingue par son concept original et sa forte pr\u00e9sence sculpturale. R\u00e9alis\u00e9e \u00e0 partir d\u2019un tronc en bois massif, Piantama conserve l\u2019authenticit\u00e9 et les irr\u00e9gularit\u00e9s du mat\u00e9riau naturel, contrastant avec la [&hellip;]<\/p>\n","protected":false},"featured_media":48897,"comment_status":"open","ping_status":"closed","template":"","meta":{"_acf_changed":false},"product_brand":[],"product_cat":[134,111],"product_tag":[146],"class_list":{"0":"post-48919","1":"product","2":"type-product","3":"status-publish","4":"has-post-thumbnail","6":"product_cat-bedside-table","7":"product_cat-table-lamp","8":"product_tag-mogg-en","10":"first","11":"instock","12":"shipping-taxable","13":"purchasable","14":"product-type-variable"},"acf":[],"_links":{"self":[{"href":"https:\/\/www.sisudesign.be\/en\/wp-json\/wp\/v2\/product\/48919","targetHints":{"allow":["GET"]}}],"collection":[{"href":"https:\/\/www.sisudesign.be\/en\/wp-json\/wp\/v2\/product"}],"about":[{"href":"https:\/\/www.sisudesign.be\/en\/wp-json\/wp\/v2\/types\/product"}],"replies":[{"embeddable":true,"href":"https:\/\/www.sisudesign.be\/en\/wp-json\/wp\/v2\/comments?post=48919"}],"wp:featuredmedia":[{"embeddable":true,"href":"https:\/\/www.sisudesign.be\/en\/wp-json\/wp\/v2\/media\/48897"}],"wp:attachment":[{"href":"https:\/\/www.sisudesign.be\/en\/wp-json\/wp\/v2\/media?parent=48919"}],"wp:term":[{"taxonomy":"product_brand","embeddable":true,"href":"https:\/\/www.sisudesign.be\/en\/wp-json\/wp\/v2\/product_brand?post=48919"},{"taxonomy":"product_cat","embeddable":true,"href":"https:\/\/www.sisudesign.be\/en\/wp-json\/wp\/v2\/product_cat?post=48919"},{"taxonomy":"product_tag","embeddable":true,"href":"https:\/\/www.sisudesign.be\/en\/wp-json\/wp\/v2\/product_tag?post=48919"}],"curies":[{"name":"wp","href":"https:\/\/api.w.org\/{rel}","templated":true}]}}