{"id":49027,"date":"2026-04-14T08:54:57","date_gmt":"2026-04-14T06:54:57","guid":{"rendered":"https:\/\/www.sisudesign.be\/produit\/caboche-plus-lampadaire-foscarini"},"modified":"2026-04-14T09:10:59","modified_gmt":"2026-04-14T07:10:59","slug":"caboche-plus-lampadaire-foscarini","status":"publish","type":"product","link":"https:\/\/www.sisudesign.be\/en\/product\/caboche-plus-lampadaire-foscarini","title":{"rendered":"Caboche Plus (lampadaire)"},"content":{"rendered":"<p data-start=\"70\" data-end=\"486\">A sculptural statement piece, the <strong data-start=\"104\" data-end=\"131\">Caboche Plus Floor Lamp<\/strong>, designed by <strong data-start=\"145\" data-end=\"228\"><span class=\"hover:entity-accent entity-underline inline cursor-pointer align-baseline\"><span class=\"whitespace-normal\">Patricia Urquiola<\/span><\/span> and <span class=\"hover:entity-accent entity-underline inline cursor-pointer align-baseline\"><span class=\"whitespace-normal\">Eliana Gerotto<\/span><\/span><\/strong> for Foscarini, brings a refined and luminous presence to any interior. Inspired by a strand of pearls, its iconic structure composed of transparent spheres captures and diffuses light with remarkable brilliance, creating a warm and sophisticated atmosphere.<\/p>\n<p data-start=\"488\" data-end=\"797\">In this Plus version, the design is further enhanced with a lighter structure and invisible fixing system, offering a cleaner, more contemporary aesthetic. Perfect next to a sofa, in a reading corner or to structure an open space, the Caboche Plus Floor Lamp delivers both ambient and decorative lighting.<\/p>\n<p data-start=\"799\" data-end=\"1177\">Available in two sizes \u2013 Media (\u00d8 50 cm \u00d7 H approx. 154 cm) and Grande (\u00d8 70 cm \u00d7 H approx. 178 cm), and in transparent or smoked grey finishes, it adapts effortlessly to a variety of interior styles. For a cohesive look, pair it with the Caboche Plus suspension above a dining table or combine it with other pieces from the collection to create a distinctive lighting identity.<\/p>\n<p data-start=\"1179\" data-end=\"1427\">Part of the Caboche collection (suspension, wall light, table lamp, floor lamp), it allows for a harmonious lighting scheme throughout the home. Sisu, official Foscarini retailer, will assist you in selecting the ideal version for your project.<\/p>\n<p data-start=\"1200\" data-end=\"1332\">\n","protected":false},"excerpt":{"rendered":"<p>A sculptural statement piece, the Caboche Plus Floor Lamp, designed by Patricia Urquiola and Eliana Gerotto for Foscarini, brings a refined and luminous presence to any interior. Inspired by a strand of pearls, its iconic structure composed of transparent spheres captures and diffuses light with remarkable brilliance, creating a warm and sophisticated atmosphere. In this [&hellip;]<\/p>\n","protected":false},"featured_media":49009,"comment_status":"open","ping_status":"closed","template":"","meta":{"_acf_changed":false},"product_brand":[],"product_cat":[126,117],"product_tag":[119],"class_list":{"0":"post-49027","1":"product","2":"type-product","3":"status-publish","4":"has-post-thumbnail","6":"product_cat-design-icons","7":"product_cat-floor-lamp","8":"product_tag-foscarini-en","10":"first","11":"instock","12":"shipping-taxable","13":"purchasable","14":"product-type-variable"},"acf":[],"_links":{"self":[{"href":"https:\/\/www.sisudesign.be\/en\/wp-json\/wp\/v2\/product\/49027","targetHints":{"allow":["GET"]}}],"collection":[{"href":"https:\/\/www.sisudesign.be\/en\/wp-json\/wp\/v2\/product"}],"about":[{"href":"https:\/\/www.sisudesign.be\/en\/wp-json\/wp\/v2\/types\/product"}],"replies":[{"embeddable":true,"href":"https:\/\/www.sisudesign.be\/en\/wp-json\/wp\/v2\/comments?post=49027"}],"wp:featuredmedia":[{"embeddable":true,"href":"https:\/\/www.sisudesign.be\/en\/wp-json\/wp\/v2\/media\/49009"}],"wp:attachment":[{"href":"https:\/\/www.sisudesign.be\/en\/wp-json\/wp\/v2\/media?parent=49027"}],"wp:term":[{"taxonomy":"product_brand","embeddable":true,"href":"https:\/\/www.sisudesign.be\/en\/wp-json\/wp\/v2\/product_brand?post=49027"},{"taxonomy":"product_cat","embeddable":true,"href":"https:\/\/www.sisudesign.be\/en\/wp-json\/wp\/v2\/product_cat?post=49027"},{"taxonomy":"product_tag","embeddable":true,"href":"https:\/\/www.sisudesign.be\/en\/wp-json\/wp\/v2\/product_tag?post=49027"}],"curies":[{"name":"wp","href":"https:\/\/api.w.org\/{rel}","templated":true}]}}