{"id":49255,"date":"2026-04-19T01:05:33","date_gmt":"2026-04-18T23:05:33","guid":{"rendered":"https:\/\/www.sisudesign.be\/produit\/proust"},"modified":"2026-04-19T01:13:29","modified_gmt":"2026-04-18T23:13:29","slug":"fauteuil-proust-magis","status":"publish","type":"product","link":"https:\/\/www.sisudesign.be\/en\/product\/fauteuil-proust-magis","title":{"rendered":"Proust"},"content":{"rendered":"<p data-start=\"101\" data-end=\"508\">V\u00e9ritable ic\u00f4ne du design contemporain, le <strong data-start=\"144\" data-end=\"163\">fauteuil Proust<\/strong> imagin\u00e9 par <span class=\"hover:entity-accent entity-underline inline cursor-pointer align-baseline\"><span class=\"whitespace-normal\">Alessandro Mendini<\/span><\/span> et \u00e9dit\u00e9 par <span class=\"hover:entity-accent entity-underline inline cursor-pointer align-baseline\"><span class=\"whitespace-normal\">Magis<\/span><\/span> incarne \u00e0 lui seul l\u2019audace cr\u00e9ative du design italien. Entre hommage au mobilier classique baroque et explosion artistique postmoderne, cette pi\u00e8ce embl\u00e9matique transforme imm\u00e9diatement un int\u00e9rieur ou un espace ext\u00e9rieur en lieu d\u2019exception.<\/p>\n<p data-start=\"510\" data-end=\"875\">Cr\u00e9\u00e9 \u00e0 l\u2019origine en 1978, le fauteuil Proust est devenu l\u2019une des \u0153uvres les plus reconnues d\u2019<span class=\"hover:entity-accent entity-underline inline cursor-pointer align-baseline\"><span class=\"whitespace-normal\">Alessandro Mendini<\/span><\/span>. Sa silhouette inspir\u00e9e d\u2019un fauteuil XVIIIe si\u00e8cle contraste avec son d\u00e9cor pointilliste multicolore, directement inspir\u00e9 des recherches picturales n\u00e9o-impressionnistes. Plus qu\u2019un si\u00e8ge, le Proust est une \u0153uvre d\u2019art fonctionnelle.<\/p>\n<p data-start=\"877\" data-end=\"1142\">Aujourd\u2019hui r\u00e9\u00e9dit\u00e9 par <span class=\"hover:entity-accent entity-underline inline cursor-pointer align-baseline\"><span class=\"whitespace-normal\">Magis<\/span><\/span>, ce fauteuil sculptural est fabriqu\u00e9 en poly\u00e9thyl\u00e8ne rotomoul\u00e9, permettant une utilisation aussi bien <strong data-start=\"1041\" data-end=\"1073\">en int\u00e9rieur qu\u2019en ext\u00e9rieur<\/strong>. R\u00e9sistant, spectaculaire et intemporel, il attire tous les regards.<\/p>\n","protected":false},"excerpt":{"rendered":"<p>V\u00e9ritable ic\u00f4ne du design contemporain, le fauteuil Proust imagin\u00e9 par Alessandro Mendini et \u00e9dit\u00e9 par Magis incarne \u00e0 lui seul l\u2019audace cr\u00e9ative du design italien. Entre hommage au mobilier classique baroque et explosion artistique postmoderne, cette pi\u00e8ce embl\u00e9matique transforme imm\u00e9diatement un int\u00e9rieur ou un espace ext\u00e9rieur en lieu d\u2019exception. Cr\u00e9\u00e9 \u00e0 l\u2019origine en 1978, le [&hellip;]<\/p>\n","protected":false},"featured_media":49220,"comment_status":"open","ping_status":"closed","template":"","meta":{"_acf_changed":false},"product_brand":[],"product_cat":[137,126,1519,155],"product_tag":[149],"class_list":{"0":"post-49255","1":"product","2":"type-product","3":"status-publish","4":"has-post-thumbnail","6":"product_cat-armchair","7":"product_cat-design-icons","8":"product_cat-fauteuil-outdoor-en","9":"product_cat-outdoor","10":"product_tag-magis-en","12":"first","13":"instock","14":"shipping-taxable","15":"purchasable","16":"product-type-variable"},"acf":[],"_links":{"self":[{"href":"https:\/\/www.sisudesign.be\/en\/wp-json\/wp\/v2\/product\/49255","targetHints":{"allow":["GET"]}}],"collection":[{"href":"https:\/\/www.sisudesign.be\/en\/wp-json\/wp\/v2\/product"}],"about":[{"href":"https:\/\/www.sisudesign.be\/en\/wp-json\/wp\/v2\/types\/product"}],"replies":[{"embeddable":true,"href":"https:\/\/www.sisudesign.be\/en\/wp-json\/wp\/v2\/comments?post=49255"}],"wp:featuredmedia":[{"embeddable":true,"href":"https:\/\/www.sisudesign.be\/en\/wp-json\/wp\/v2\/media\/49220"}],"wp:attachment":[{"href":"https:\/\/www.sisudesign.be\/en\/wp-json\/wp\/v2\/media?parent=49255"}],"wp:term":[{"taxonomy":"product_brand","embeddable":true,"href":"https:\/\/www.sisudesign.be\/en\/wp-json\/wp\/v2\/product_brand?post=49255"},{"taxonomy":"product_cat","embeddable":true,"href":"https:\/\/www.sisudesign.be\/en\/wp-json\/wp\/v2\/product_cat?post=49255"},{"taxonomy":"product_tag","embeddable":true,"href":"https:\/\/www.sisudesign.be\/en\/wp-json\/wp\/v2\/product_tag?post=49255"}],"curies":[{"name":"wp","href":"https:\/\/api.w.org\/{rel}","templated":true}]}}